{"id":3458,"date":"2019-01-15T06:50:02","date_gmt":"2019-01-15T06:50:02","guid":{"rendered":"http:\/\/thaisun.pl\/?page_id=3458"},"modified":"2019-01-15T06:51:16","modified_gmt":"2019-01-15T06:51:16","slug":"information-about-data-processing","status":"publish","type":"page","link":"https:\/\/thaisun.pl\/en\/information-about-data-processing\/","title":{"rendered":"Information about data processing"},"content":{"rendered":"<div class=\"vce-row-container\"><div class=\"vce-row vce-element--has-background vce-row--col-gap-30 vce-row-columns--top vce-row-content--top\" data-vce-full-width=\"true\" id=\"el-24325752\" data-vce-do-apply=\"all el-24325752\"><div class=\"vce-content-background-container\"><div class=\"vce-asset-background-simple-container vce-visible-all-only vce-asset-background-simple--style-cover vce-asset-background-simple--position-center-top\"><div class=\"vce-asset-background-simple\"><div class=\"vce-asset-background-simple-item\" style=\"background-image: url('https:\/\/thaisun.pl\/wp-content\/uploads\/2018\/11\/siec-salonow-masazu-thaisun.jpg');\"><\/div><div class=\"vce-asset-background-simple-item\" style=\"background-image: url('https:\/\/thaisun.pl\/wp-content\/uploads\/2018\/11\/bambus-2.jpg');\"><\/div><\/div><\/div><\/div><div class=\"vce-row-content\" data-vce-element-content=\"true\" style=\"padding-left: 150px; padding-right: 150px;\"><div class=\"vce-col vce-col--md-auto vce-col--xs-1 vce-col--xs-last vce-col--xs-first vce-col--sm-last vce-col--sm-first vce-col--md-last vce-col--lg-last vce-col--xl-last vce-col--md-first vce-col--lg-first vce-col--xl-first\" id=\"el-25e976af\" data-vce-do-apply=\"background border el-25e976af\"><div class=\"vce-col-inner\" data-vce-element-content=\"true\" data-vce-do-apply=\"padding margin  el-25e976af\"><div class=\"vce-google-fonts-heading vce-google-fonts-heading--align-center vce-google-fonts-heading--color-b-255-255-255--45--5C00FF--FF7200\"><div class=\"vce-google-fonts-heading-wrapper\"><div class=\"vce-google-fonts-heading--background vce\" id=\"el-74edbdaa\" data-vce-do-apply=\"border background  padding margin el-74edbdaa\"><h1 class=\"vce-google-fonts-heading-inner\" style=\"font-size: 18px; font-family: Lato; font-weight: 700;\">Information about data processing<\/h1><\/div><\/div><\/div><\/div><\/div><\/div><\/div><\/div><div class=\"vce-row-container\"><div class=\"vce-row vce-row--col-gap-30 vce-row-columns--top vce-row-content--top\" id=\"el-92bcda44\" data-vce-do-apply=\"all el-92bcda44\"><div class=\"vce-row-content\" data-vce-element-content=\"true\"><div class=\"vce-col vce-col--md-100p vce-col--xs-1 vce-col--xs-last vce-col--xs-first vce-col--sm-last vce-col--sm-first vce-col--md-last vce-col--lg-last vce-col--xl-last vce-col--md-first vce-col--lg-first vce-col--xl-first\" id=\"el-a7247c7d\" data-vce-do-apply=\"background border el-a7247c7d\"><div class=\"vce-col-inner\" data-vce-element-content=\"true\" data-vce-do-apply=\"padding margin  el-a7247c7d\"><div class=\"vce-text-block\"><div class=\"vce-text-block-wrapper vce\" id=\"el-8e9b4a4b\" data-vce-do-apply=\"all el-8e9b4a4b\" data-vce-animate=\"vce-o-animate--fadeIn\"><h2 style=\"text-align: center;\"><b>Information about data processing<br><\/b><\/h2><ol><li>Administratorem Pani\/a danych osobowych jest ThaiSun z siedzib\u0105 w Warszawie przy ul. \u0141uckiej 20\/1402, e-mail: <a href=\"mailto:salon@thaisun.pl\">salon@thaisun.pl<\/a><\/li><li>W sprawach zwi\u0105zanych z Pani\/a danymi prosz\u0119 kontaktowa\u0107 si\u0119 z Inspektorem Ochrony Danych, e-mail <a href=\"mailto:marketing@thaisun.pl\">marketing@thaisun.pl<\/a><\/li><li>Dane b\u0119d\u0105 przetwarzane w celach marketingowym na podstawie wyra\u017canej zgody u\u017cytkownika (uzupe\u0142nienie formularzy kontaktowych)<\/li><li>Dane b\u0119d\u0105 przechowywane przez okres 10 lat<\/li><li>Ma Pan\/i prawo dost\u0119pu do swoich danych osobowych, ich sprostowania, usuni\u0119cia lub ograniczenia przetwarzania.<\/li><li>Ma Pan\/i prawo do wniesienia sprzeciwu wobec dalszego przetwarzania, a w przypadku wyra\u017cenia zgody na przetwarzanie danych do jej wycofanie. Skorzystanie &nbsp;prawa cofni\u0119cia zgody nie ma wp\u0142ywu na przetwarzanie, kt\u00f3re mia\u0142o miejsce do momentu wycofania zgody.<\/li><li>Ma Pan\/i tak\u017ce prawo do przenoszenia danych (w szczeg\u00f3lno\u015bci historii transakcji)<\/li><li>Przys\u0142uguje Pani\/u prawo wniesienia skargi do organu nadzorczego (mo\u017cna wskaza\u0107 dane organu)<\/li><\/ol><\/div><\/div><\/div><\/div><\/div><\/div><\/div>\n","protected":false},"excerpt":{"rendered":"<p>Information about data processingInformation about data processingAdministratorem Pani\/a danych osobowych jest ThaiSun z siedzib\u0105 w Warszawie przy ul. \u0141uckiej 20\/1402, e-mail: salon@thaisun.plW sprawach zwi\u0105zanych z Pani\/a danymi prosz\u0119 kontaktowa\u0107 si\u0119 z Inspektorem Ochrony Danych, e-mail marketing@thaisun.plDane b\u0119d\u0105 przetwarzane w celach marketingowym na podstawie wyra\u017canej zgody u\u017cytkownika (uzupe\u0142nienie formularzy kontaktowych)Dane b\u0119d\u0105 przechowywane przez okres 10 latMa [&hellip;]<\/p>\n","protected":false},"author":8,"featured_media":0,"parent":0,"menu_order":0,"comment_status":"closed","ping_status":"closed","template":"","meta":{"footnotes":""},"class_list":["post-3458","page","type-page","status-publish","hentry"],"aioseo_notices":[],"_links":{"self":[{"href":"https:\/\/thaisun.pl\/en\/wp-json\/wp\/v2\/pages\/3458","targetHints":{"allow":["GET"]}}],"collection":[{"href":"https:\/\/thaisun.pl\/en\/wp-json\/wp\/v2\/pages"}],"about":[{"href":"https:\/\/thaisun.pl\/en\/wp-json\/wp\/v2\/types\/page"}],"author":[{"embeddable":true,"href":"https:\/\/thaisun.pl\/en\/wp-json\/wp\/v2\/users\/8"}],"replies":[{"embeddable":true,"href":"https:\/\/thaisun.pl\/en\/wp-json\/wp\/v2\/comments?post=3458"}],"version-history":[{"count":0,"href":"https:\/\/thaisun.pl\/en\/wp-json\/wp\/v2\/pages\/3458\/revisions"}],"wp:attachment":[{"href":"https:\/\/thaisun.pl\/en\/wp-json\/wp\/v2\/media?parent=3458"}],"curies":[{"name":"wp","href":"https:\/\/api.w.org\/{rel}","templated":true}]}}