{"id":3449,"date":"2019-01-15T06:45:26","date_gmt":"2019-01-15T06:45:26","guid":{"rendered":"http:\/\/thaisun.pl\/?page_id=3449"},"modified":"2026-02-26T23:52:37","modified_gmt":"2026-02-26T23:52:37","slug":"privacy-policy","status":"publish","type":"page","link":"https:\/\/thaisun.pl\/en\/privacy-policy\/","title":{"rendered":"Privacy policy"},"content":{"rendered":"<div class=\"vce-row-container\"><div class=\"vce-row vce-element--has-background vce-row--col-gap-30 vce-row-columns--top vce-row-content--top\" data-vce-full-width=\"true\" id=\"el-d2f5e999\" data-vce-do-apply=\"all el-d2f5e999\"><div class=\"vce-content-background-container\"><div class=\"vce-asset-background-simple-container vce-visible-all-only vce-asset-background-simple--style-cover vce-asset-background-simple--position-center-top\"><div class=\"vce-asset-background-simple\"><div class=\"vce-asset-background-simple-item\" style=\"background-image: url('https:\/\/thaisun.pl\/wp-content\/uploads\/2018\/11\/siec-salonow-masazu-thaisun.jpg')\"><\/div><div class=\"vce-asset-background-simple-item\" style=\"background-image: url('https:\/\/thaisun.pl\/wp-content\/uploads\/2018\/11\/bambus-2.jpg')\"><\/div><\/div><\/div><\/div><div class=\"vce-row-content\" data-vce-element-content=\"true\" style=\"padding-left: 142.5px;padding-right: 142.5px\"><div class=\"vce-col vce-col--md-auto vce-col--xs-1 vce-col--xs-last vce-col--xs-first vce-col--sm-last vce-col--sm-first vce-col--md-last vce-col--lg-last vce-col--xl-last vce-col--md-first vce-col--lg-first vce-col--xl-first\" id=\"el-b32ddbf5\" data-vce-do-apply=\"background border el-b32ddbf5\"><div class=\"vce-col-inner\" data-vce-element-content=\"true\" data-vce-do-apply=\"padding margin  el-b32ddbf5\"><div class=\"vce-google-fonts-heading vce-google-fonts-heading--align-center vce-google-fonts-heading--color-b-255-255-255--45--5C00FF--FF7200\"><div class=\"vce-google-fonts-heading-wrapper\"><div class=\"vce-google-fonts-heading--background vce\" id=\"el-d215ec4f\" data-vce-do-apply=\"border background  padding margin el-d215ec4f\"><h1 class=\"vce-google-fonts-heading-inner\" style=\"font-size: 18px;font-family: Lato;font-weight: 700\">Privacy policy<\/h1><\/div><\/div><\/div><\/div><\/div><\/div><\/div><\/div><div class=\"vce-row-container\"><div class=\"vce-row vce-row--col-gap-30 vce-row-columns--top vce-row-content--top\" id=\"el-2e142731\" data-vce-do-apply=\"all el-2e142731\"><div class=\"vce-row-content\" data-vce-element-content=\"true\"><div class=\"vce-col vce-col--md-100p vce-col--xs-1 vce-col--xs-last vce-col--xs-first vce-col--sm-last vce-col--sm-first vce-col--md-last vce-col--lg-last vce-col--xl-last vce-col--md-first vce-col--lg-first vce-col--xl-first\" id=\"el-f318a261\" data-vce-do-apply=\"background border el-f318a261\"><div class=\"vce-col-inner\" data-vce-element-content=\"true\" data-vce-do-apply=\"padding margin  el-f318a261\"><div class=\"vce-text-block\"><div class=\"vce-text-block-wrapper vce\" id=\"el-45b2af52\" data-vce-do-apply=\"all el-45b2af52\" data-vce-animate=\"vce-o-animate--fadeIn\"><h2 style=\"text-align: center\"><b>Privacy policy<br><\/b><\/h2><p>Polityka prywatno\u015bci serwisu www.ThaiSun.pl<\/p><ol><li>&nbsp;&nbsp;&nbsp;Informacje og\u00f3lne<\/li><\/ol><p>Niniejsza Polityka Prywatno\u015bci okre\u015bla zasady przetwarzania i ochrony danych osobowych przekazanych przez U\u017cytkownik\u00f3w w zwi\u0105zku z korzystaniem przez nich us\u0142ug poprzez Serwis.<\/p><ol start=\"2\"><li>Administratorem danych osobowych zawartych w serwisie jest firma ThaiSun &nbsp;z siedzib\u0105 w Warszawie przy ul. \u0141uckiej 20\/1402 NIP 8132972201 REGON 180118101<\/li><li>W trosce o bezpiecze\u0144stwo powierzonych nam danych opracowali\u015bmy wewn\u0119trzne procedury i zalecenia, kt\u00f3re maj\u0105 zapobiec udost\u0119pnieniu danych osobom nieupowa\u017cnionym. Kontrolujemy ich wykonywanie i stale sprawdzamy ich zgodno\u015b\u0107 z odpowiednimi aktami prawnymi - ustaw\u0105 o ochronie danych osobowych, ustaw\u0105 o \u015bwiadczeniu us\u0142ug drog\u0105 elektroniczn\u0105, a tak\u017ce wszelkiego rodzaju aktach wykonawczych i aktach prawa wsp\u00f3lnotowego.<\/li><li>Dane Osobowe przetwarzane s\u0105 na podstawie zgody wyra\u017canej przez U\u017cytkownika oraz w przypadkach, w kt\u00f3rych przepisy prawa upowa\u017cniaj\u0105 Administratora do przetwarzania danych osobowych na podstawie przepis\u00f3w prawa lub w celu realizacji zawartej pomi\u0119dzy stronami umowy.<\/li><li>Serwis realizuje funkcje pozyskiwania informacji o u\u017cytkownikach i ich zachowaniach w nast\u0119puj\u0105cy spos\u00f3b:<\/li><li>a) &nbsp;&nbsp;&nbsp;poprzez dobrowolnie wprowadzone w formularzach informacje<\/li><li>b) &nbsp;&nbsp;&nbsp;poprzez gromadzenie plik\u00f3w \u201ccookies\u201d [patrz polityka plik\u00f3w \u201ccookies\u201d].<\/li><li>Serwis zbiera informacje dobrowolnie podane przez u\u017cytkownika.<\/li><li>Dane podane w formularzu s\u0105 przetwarzane w celu wynikaj\u0105cym z funkcji konkretnego formularza np. w celu dokonania procesu obs\u0142ugi kontaktu informacyjnego.<\/li><li>Dane osobowe pozostawione w serwisie nie zostan\u0105 sprzedane ani udost\u0119pnione osobom trzecim, zgodnie z przepisami Ustawy o ochronie danych osobowych.<\/li><li>Do danych zawartych w formularzu przys\u0142uguje wgl\u0105d osobie fizycznej, kt\u00f3ra je tam umie\u015bci\u0142a. Osoba ta ma r\u00f3wnie\u017c praw do modyfikacji i zaprzestania przetwarzania swoich danych w dowolnym momencie.<\/li><li>Zastrzegamy sobie prawo do zmiany w polityce ochrony prywatno\u015bci serwisu, na kt\u00f3re mo\u017ce wp\u0142yn\u0105\u0107 rozw\u00f3j technologii internetowej, ewentualne zmiany prawa w zakresie ochrony danych osobowych oraz rozw\u00f3j naszego serwisu internetowego. O wszelkich zmianach b\u0119dziemy informowa\u0107 w spos\u00f3b widoczny i zrozumia\u0142y.<\/li><li>W serwisie mog\u0105 pojawia\u0107 si\u0119 linki do innych stron internetowych. Takie strony internetowe dzia\u0142aj\u0105 niezale\u017cnie od serwisu i nie s\u0105 w \u017caden spos\u00f3b nadzorowane przez serwis ThaiSun.pl Strony te mog\u0105 posiada\u0107 w\u0142asne polityki dotycz\u0105ce prywatno\u015bci oraz regulaminy, z kt\u00f3rymi zalecamy si\u0119 zapozna\u0107.<\/li><\/ol><p>W razie w\u0105tpliwo\u015bci co kt\u00f3regokolwiek z zapis\u00f3w niniejszej polityki prywatno\u015bci jeste\u015bmy do dyspozycji - nasze dane znale\u017a\u0107 mo\u017cna w zak\u0142adce - <a href=\"https:\/\/thaisun.pl\/en\/contact\/\" data-wplink-url-error=\"true\">KONTAKT<\/a>.<\/p><\/div><\/div><\/div><\/div><\/div><\/div><\/div>\n","protected":false},"excerpt":{"rendered":"<p>Privacy policyPrivacy policyPolityka prywatno\u015bci serwisu www.ThaiSun.pl&nbsp;&nbsp;&nbsp;Informacje og\u00f3lneNiniejsza Polityka Prywatno\u015bci okre\u015bla zasady przetwarzania i ochrony danych osobowych przekazanych przez U\u017cytkownik\u00f3w w zwi\u0105zku z korzystaniem przez nich us\u0142ug poprzez Serwis.Administratorem danych osobowych zawartych w serwisie jest firma ThaiSun &nbsp;z siedzib\u0105 w Warszawie przy ul. \u0141uckiej 20\/1402 NIP 8132972201 REGON 180118101W trosce o bezpiecze\u0144stwo powierzonych nam danych opracowali\u015bmy [&hellip;]<\/p>\n","protected":false},"author":8,"featured_media":0,"parent":0,"menu_order":0,"comment_status":"closed","ping_status":"closed","template":"","meta":{"footnotes":""},"class_list":["post-3449","page","type-page","status-publish","hentry"],"aioseo_notices":[],"_links":{"self":[{"href":"https:\/\/thaisun.pl\/en\/wp-json\/wp\/v2\/pages\/3449","targetHints":{"allow":["GET"]}}],"collection":[{"href":"https:\/\/thaisun.pl\/en\/wp-json\/wp\/v2\/pages"}],"about":[{"href":"https:\/\/thaisun.pl\/en\/wp-json\/wp\/v2\/types\/page"}],"author":[{"embeddable":true,"href":"https:\/\/thaisun.pl\/en\/wp-json\/wp\/v2\/users\/8"}],"replies":[{"embeddable":true,"href":"https:\/\/thaisun.pl\/en\/wp-json\/wp\/v2\/comments?post=3449"}],"version-history":[{"count":1,"href":"https:\/\/thaisun.pl\/en\/wp-json\/wp\/v2\/pages\/3449\/revisions"}],"predecessor-version":[{"id":4823,"href":"https:\/\/thaisun.pl\/en\/wp-json\/wp\/v2\/pages\/3449\/revisions\/4823"}],"wp:attachment":[{"href":"https:\/\/thaisun.pl\/en\/wp-json\/wp\/v2\/media?parent=3449"}],"curies":[{"name":"wp","href":"https:\/\/api.w.org\/{rel}","templated":true}]}}