{"id":2958,"date":"2019-01-09T11:21:58","date_gmt":"2019-01-09T11:21:58","guid":{"rendered":"http:\/\/thaisun.pl\/?page_id=2958"},"modified":"2026-02-26T23:51:02","modified_gmt":"2026-02-26T23:51:02","slug":"promotions","status":"publish","type":"page","link":"https:\/\/thaisun.pl\/en\/promotions\/","title":{"rendered":"Promotions"},"content":{"rendered":"<div class=\"vce-row-container\"><div class=\"vce-row vce-element--has-background vce-row--col-gap-30 vce-row-columns--top vce-row-content--top\" data-vce-full-width=\"true\" id=\"el-880cb382\" data-vce-do-apply=\"all el-880cb382\" data-vce-animate=\"vce-o-animate--fadeIn\"><div class=\"vce-content-background-container\"><div class=\"vce-asset-background-simple-container vce-visible-all-only vce-asset-background-simple--style-cover vce-asset-background-simple--position-center-center\"><div class=\"vce-asset-background-simple\"><div class=\"vce-asset-background-simple-item\" style=\"background-image: url('https:\/\/thaisun.pl\/wp-content\/uploads\/2018\/11\/bambus-2.jpg')\"><\/div><\/div><\/div><\/div><div class=\"vce-row-content\" data-vce-element-content=\"true\" style=\"padding-left: 112.5px;padding-right: 112.5px\"><div class=\"vce-col vce-col--md-auto vce-col--xs-1 vce-col--xs-last vce-col--xs-first vce-col--sm-last vce-col--sm-first vce-col--md-last vce-col--lg-last vce-col--xl-last vce-col--md-first vce-col--lg-first vce-col--xl-first\" id=\"el-c59e69c7\" data-vce-do-apply=\"background border el-c59e69c7\"><div class=\"vce-content-background-container\"><\/div><div class=\"vce-col-inner\" data-vce-element-content=\"true\" data-vce-do-apply=\"padding margin  el-c59e69c7\"><div class=\"vce-google-fonts-heading vce-google-fonts-heading--align-center vce-google-fonts-heading--color-b-255-255-255--45--5C00FF--FF7200\"><div class=\"vce-google-fonts-heading-wrapper\"><div class=\"vce-google-fonts-heading--background vce\" id=\"el-bc430f68\" data-vce-do-apply=\"border background  padding margin el-bc430f68\"><h1 class=\"vce-google-fonts-heading-inner\" style=\"font-size: 18px;font-family: Lato;font-weight: 700\">Promotions<\/h1><\/div><\/div><\/div><\/div><\/div><\/div><\/div><\/div><div class=\"vce-row-container\"><div class=\"vce-row vce-row--col-gap-30 vce-row-columns--top vce-row-content--top\" data-vce-full-width=\"true\" id=\"el-9f46eb2a\" data-vce-do-apply=\"all el-9f46eb2a\"><div class=\"vce-content-background-container\"><div class=\"vce-asset-color-gradient-container vce-visible-xl-only\" data-vce-do-apply=\"gradient el-9f46eb2a\"><\/div><div class=\"vce-asset-color-gradient-container vce-visible-lg-only\" data-vce-do-apply=\"gradient el-9f46eb2a\"><\/div><div class=\"vce-asset-color-gradient-container vce-visible-md-only\" data-vce-do-apply=\"gradient el-9f46eb2a\"><\/div><div class=\"vce-asset-color-gradient-container vce-visible-sm-only\" data-vce-do-apply=\"gradient el-9f46eb2a\"><\/div><div class=\"vce-asset-color-gradient-container vce-visible-xs-only\" data-vce-do-apply=\"gradient el-9f46eb2a\"><\/div><\/div><div class=\"vce-row-content\" data-vce-element-content=\"true\" style=\"padding-left: 112.5px;padding-right: 112.5px\"><div class=\"vce-col vce-col--md-100p vce-col--xs-1 vce-col--xs-last vce-col--xs-first vce-col--sm-last vce-col--sm-first vce-col--md-last vce-col--lg-last vce-col--xl-last vce-col--md-first vce-col--lg-first vce-col--xl-first\" id=\"el-491ef992\" data-vce-do-apply=\"background border el-491ef992\"><div class=\"vce-col-inner\" data-vce-element-content=\"true\" data-vce-do-apply=\"padding margin  el-491ef992\"><div class=\"vce-google-fonts-heading vce-google-fonts-heading--align-center vce-google-fonts-heading--color-b-128-107-78--45--5C00FF--FF7200\"><div class=\"vce-google-fonts-heading-wrapper\"><div class=\"vce-google-fonts-heading--background vce\" id=\"el-06dd4a32\" data-vce-do-apply=\"border background  padding margin el-06dd4a32\" data-vce-animate=\"vce-o-animate--fadeInUp\"><h2 class=\"vce-google-fonts-heading-inner\" style=\"font-size: 26px;font-family: Lato;font-weight: 700\">Latest promotion<\/h2><\/div><\/div><\/div><div class=\"vce vce-separator-container sep-linear vce-separator--align-center vce-separator--style-solid\" id=\"el-c201ca27\" data-vce-do-apply=\"margin el-c201ca27\"><div class=\"vce-separator vce-separator--color-b-107-150-16 vce-separator--width-20 vce-separator--thickness-2\" data-vce-do-apply=\"border padding background  el-c201ca27\" data-vce-animate=\"vce-o-animate--fadeIn\"><\/div><\/div><div class=\"vce-row-container\"><div class=\"vce-row vce-row--col-gap-30 vce-row-columns--top vce-row-content--top\" id=\"el-099ac837\" data-vce-do-apply=\"all el-099ac837\" data-vce-animate=\"vce-o-animate--fadeInUp\"><div class=\"vce-content-background-container\"><\/div><div class=\"vce-row-content\" data-vce-element-content=\"true\"><div class=\"vce-col vce-col--md-100p vce-col--xs-1 vce-col--xs-last vce-col--xs-first vce-col--sm-last vce-col--sm-first vce-col--md-last vce-col--lg-last vce-col--xl-last vce-col--md-first vce-col--lg-first vce-col--xl-first\" id=\"el-9c5fd742\" data-vce-do-apply=\"background border el-9c5fd742\"><div class=\"vce-col-inner\" data-vce-element-content=\"true\" data-vce-do-apply=\"padding margin  el-9c5fd742\"><div class=\"vce-posts-grid-container vce-side-grid-container\"><div class=\"vce vce-posts-grid-wrapper vce-side-grid-wrapper vce-posts-grid--gap-10 vce-posts-grid--columns-1 vce-posts-grid-pagination--color-e6b900--ffce00\" id=\"el-e5a16620\" data-vce-do-apply=\"all el-e5a16620\"><div class=\"vce-posts-grid-list\"><div class=\"vce-posts-grid-item\"><article class=\"vce-posts-grid-item-inner\" itemscope=\"\" itemtype=\"http:\/\/schema.org\/Article\"><div class=\"vce-post-description vce-post-description--image-alignment-left vce-post-description--title-color-b-128-107-78 vce-post-description--excerpt-color-b-39-38-36 vce-post-description--author-color-ffce00 vce-post-description--meta-color-ba-39-38-36-0-6\"><div class=\"vce-post-description--image\" style=\"background-image:url(https:\/\/thaisun.pl\/wp-content\/uploads\/2018\/12\/promocja-swiateczna-masaz-tajski-thaisun.png)\"><a href=\"\" itemprop=\"sameAs\"><\/a><\/div><div class=\"vce-post-description--content\"><p class=\"vce-post-description--meta\"><span>Posted <\/span><span class=\"vce-post-description--meta-date\">on <time datetime=\"2018-12-12 11:55:10\">2018-12-12 11:55:10 <\/time><\/span><\/p><h3 class=\"vce-post-description--title\"><a href=\"\" itemprop=\"sameAs\">Wielka promocja \u015bwi\u0105teczna ThaiSun -20% na wszystkie karty podarunkowe oraz masa\u017ce!<\/a><\/h3><div class=\"vce-post-description--excerpt\" itemprop=\"description\"><p>Z my\u015bl\u0105 o nadchodz\u0105cych \u015awi\u0119tach Bo\u017cego Narodzenia i okresem \u015bwi\u0105tecznym, w kt\u00f3rym szczeg\u00f3lnie cz\u0119sto obdarowujemy naszych bliskich, sie\u0107 salon\u00f3w masa\u017cu tajskiego ThaiSun przygotowa\u0142a promocj\u0119 na wszystkie mo\u017cliwe rodzaje masa\u017cy oraz kart podarunkowych.<\/p>\n<\/div>\n<a href=\"\" class=\"vce-post-link\" itemprop=\"sameAs\"><div class=\"vce-button--style-grow-shadow-container vce-button--style-grow-shadow-container--align-right\"><span class=\"vce-button--style-grow-shadow-wrapper vce\" id=\"el-532f4255\" data-vce-do-apply=\"margin el-532f4255\"><button class=\"vce-button--style-grow-shadow vce-button--style-grow-shadow--border-square vce-button--style-grow-shadow--size-small vce-button--style-grow-shadow--color-b-107-150-16--b-255-255-255--b-107-150-16--b-255-255-255\" data-vce-do-apply=\"padding border background  el-532f4255\">Read more<\/button><\/span><\/div><\/a><\/div><\/div><\/article><\/div><\/div><\/div><\/div><\/div><\/div><\/div><\/div><\/div><div class=\"vce-row-container\"><div class=\"vce-row vce-row--has-col-background vce-row--col-gap-0 vce-row-equal-height vce-row-columns--top vce-row-content--middle\" id=\"el-b8b6c73e\" data-vce-do-apply=\"all el-b8b6c73e\" data-vce-animate=\"vce-o-animate--fadeInRight\"><div class=\"vce-content-background-container\"><\/div><div class=\"vce-row-content\" data-vce-element-content=\"true\"><div class=\"vce-col vce-element--has-background vce-col--md-60p vce-col--xs-1 vce-col--xs-last vce-col--xs-first vce-col--sm-last vce-col--sm-first vce-col--md-first vce-col--lg-first vce-col--xl-first\" id=\"el-91a23b4a\" data-vce-do-apply=\"background border el-91a23b4a\"><div class=\"vce-content-background-container\"><\/div><div class=\"vce-col-inner\" data-vce-element-content=\"true\" data-vce-do-apply=\"padding margin  el-91a23b4a\"><div class=\"vce-col-content\"><div class=\"vce-google-fonts-heading vce-google-fonts-heading--align-left vce-google-fonts-heading--color-empty--45--5C00FF--FF7200\"><div class=\"vce-google-fonts-heading-wrapper\"><div class=\"vce-google-fonts-heading--background vce\" id=\"el-5ef328ac\" data-vce-do-apply=\"border background  padding margin el-5ef328ac\"><h4 class=\"vce-google-fonts-heading-inner\" style=\"font-size: 18px;font-family: Lato;font-weight: 700\"><a class=\"vce-google-fonts-heading-link\" href=\"https:\/\/thaisun.pl\/en\/happy-hours\/\" title=\"\">HAPPY HOURS - 20% OFF PRICES<\/a><\/h4><\/div><\/div><\/div><div class=\"vce-text-block\"><div class=\"vce-text-block-wrapper vce\" id=\"el-d464c65e\" data-vce-do-apply=\"all el-d464c65e\"><p>The ability to rest properly is as important as the persistence in hard work. During a busy day, it is worth using your break in the best possible way - a relaxing Thai massage, which we also do in half-hour formats, so that you can fit in even the shortest breaks. And if you are a person who has days off in the middle of the week, the better - even the longest massages and SPA treatments are available on working days from 12-16 at a unique price -20%.<\/p><p>The Happy Hours promotion is an offer for people visiting us on weekdays between 12 and 16 hour - during these hours with the slogan \"Happy Hours\" all massages and SPA treatments are available with 20% lower price. The offer is not combined with other promotions and does not apply on holidays and weekends.<\/p><\/div><\/div><\/div><\/div><\/div><div class=\"vce-col vce-col--md-40p vce-col--xs-1 vce-col--xs-last vce-col--xs-first vce-col--sm-last vce-col--sm-first vce-col--md-last vce-col--lg-last vce-col--xl-last\" id=\"el-4e99698c\" data-vce-do-apply=\"background border el-4e99698c\"><div class=\"vce-col-inner\" data-vce-element-content=\"true\" data-vce-do-apply=\"padding margin  el-4e99698c\"><div class=\"vce-col-content\"><div class=\"vce-single-image-container vce-single-image--align-left\"><div class=\"vce vce-single-image-wrapper\" id=\"el-c6705710\" data-vce-do-apply=\"all el-c6705710\"><figure><a href=\"https:\/\/thaisun.pl\/en\/happy-hours\/\" title=\"\" class=\"vce-single-image-inner\"><img class=\"vce-single-image\" data-width=\"1000\" data-img-src=\"https:\/\/thaisun.pl\/wp-content\/uploads\/2018\/11\/thaisun-happy-hours.jpg\" alt=\"ThaiSun Happy Hours\" title=\"thaisun-happy-hours\" \/><\/a><\/figure><\/div><\/div><\/div><\/div><\/div><\/div><\/div><\/div><div class=\"vce-row-container\"><div class=\"vce-row vce-row--col-gap-0 vce-row-columns--top vce-row-content--top\" id=\"el-ec51479c\" data-vce-do-apply=\"all el-ec51479c\" data-vce-animate=\"vce-o-animate--fadeIn\"><div class=\"vce-content-background-container\"><\/div><div class=\"vce-row-content\" data-vce-element-content=\"true\"><div class=\"vce-col vce-col--md-60p vce-col--xs-1 vce-col--xs-last vce-col--xs-first vce-col--sm-last vce-col--sm-first vce-col--md-first vce-col--lg-first vce-col--xl-first\" id=\"el-159c85c3\" data-vce-do-apply=\"background border el-159c85c3\"><div class=\"vce-content-background-container\"><\/div><div class=\"vce-col-inner\" data-vce-element-content=\"true\" data-vce-do-apply=\"padding margin  el-159c85c3\"><\/div><\/div><div class=\"vce-col vce-col--md-40p vce-col--xs-1 vce-col--xs-last vce-col--xs-first vce-col--sm-last vce-col--sm-first vce-col--md-last vce-col--lg-last vce-col--xl-last\" id=\"el-a71ca3dd\" data-vce-do-apply=\"background border el-a71ca3dd\"><div class=\"vce-col-inner\" data-vce-element-content=\"true\" data-vce-do-apply=\"padding margin  el-a71ca3dd\"><div class=\"vce-button--style-basic-container vce-button--style-basic-container--align-center\"><span class=\"vce-button--style-basic-wrapper vce\" id=\"el-4500286f\" data-vce-do-apply=\"margin el-4500286f\"><a class=\"vce-button--style-basic vce-button--style-basic--border-square vce-button--style-basic--size-small vce-button--style-basic--color-b-107-150-16--fff\" href=\"https:\/\/thaisun.pl\/en\/happy-hours\/\" title=\"\" data-vce-do-apply=\"padding border background  el-4500286f\">Read more<\/a><\/span><\/div><\/div><\/div><\/div><\/div><\/div><div class=\"vce-row-container\"><div class=\"vce-row vce-row--has-col-background vce-row--col-gap-0 vce-row-equal-height vce-row-columns--top vce-row-content--middle\" id=\"el-27019d69\" data-vce-do-apply=\"all el-27019d69\" data-vce-animate=\"vce-o-animate--fadeInLeft\"><div class=\"vce-content-background-container\"><\/div><div class=\"vce-row-content\" data-vce-element-content=\"true\"><div class=\"vce-col vce-element--has-background vce-col--md-40p vce-col--xs-1 vce-col--xs-last vce-col--xs-first vce-col--sm-last vce-col--sm-first vce-col--md-first vce-col--lg-first vce-col--xl-first\" id=\"el-8e5927ff\" data-vce-do-apply=\"background border el-8e5927ff\"><div class=\"vce-content-background-container\"><\/div><div class=\"vce-col-inner\" data-vce-element-content=\"true\" data-vce-do-apply=\"padding margin  el-8e5927ff\"><div class=\"vce-col-content\"><div class=\"vce-single-image-container vce-single-image--align-left\"><div class=\"vce vce-single-image-wrapper\" id=\"el-c32a454b\" data-vce-do-apply=\"all el-c32a454b\"><figure><a href=\"https:\/\/thaisun.pl\/en\/loyalty-card\/\" title=\"\" class=\"vce-single-image-inner\"><img decoding=\"async\" class=\"vce-single-image\" src=\"https:\/\/thaisun.pl\/wp-content\/uploads\/2018\/11\/karta-stalego-klienta-thaisun.jpg\" data-img-src=\"https:\/\/thaisun.pl\/wp-content\/uploads\/2018\/11\/karta-stalego-klienta-thaisun.jpg\" alt=\"Karta Sta\u0142ego Klienta ThaiSun\" title=\"karta-stalego-klienta-thaisun\"><\/a><\/figure><\/div><\/div><\/div><\/div><\/div><div class=\"vce-col vce-element--has-background vce-col--md-60p vce-col--xs-1 vce-col--xs-last vce-col--xs-first vce-col--sm-last vce-col--sm-first vce-col--md-last vce-col--lg-last vce-col--xl-last\" id=\"el-5472136e\" data-vce-do-apply=\"background border el-5472136e\"><div class=\"vce-content-background-container\"><\/div><div class=\"vce-col-inner\" data-vce-element-content=\"true\" data-vce-do-apply=\"padding margin  el-5472136e\"><div class=\"vce-col-content\"><div class=\"vce-google-fonts-heading vce-google-fonts-heading--align-left vce-google-fonts-heading--color-empty--45--5C00FF--FF7200\"><div class=\"vce-google-fonts-heading-wrapper\"><div class=\"vce-google-fonts-heading--background vce\" id=\"el-0a36fc88\" data-vce-do-apply=\"border background  padding margin el-0a36fc88\"><h4 class=\"vce-google-fonts-heading-inner\" style=\"font-size: 18px;font-family: Lato;font-weight: 700\"><a class=\"vce-google-fonts-heading-link\" href=\"https:\/\/thaisun.pl\/en\/loyalty-card\/\" title=\"\">THAISUN LOYAL CUSTOMER CARD<\/a><\/h4><\/div><\/div><\/div><div class=\"vce-text-block\"><div class=\"vce-text-block-wrapper vce\" id=\"el-d74c7d0a\" data-vce-do-apply=\"all el-d74c7d0a\"><p>By creating a unique loyalty program for regular guests, ThaiSun Thai massage salon network made sure that each massage would give you the opportunity to save individual points on the loyal customer card, which can be used in the most pleasant way possible - picking up the sixth of the next massages for free.<\/p><p>When you come to our Thai massage salons with your own Regular Customer Card, you can be sure that each subsequent visit is associated with exceptional benefits. Coming to us with accompanying persons or for couples massages, you are entitled to pick up two entries on the Loyalty Card, so that you can share the wonderful experience of Thai massage with additional benefits.<\/p><\/div><\/div><\/div><\/div><\/div><\/div><\/div><\/div><div class=\"vce-row-container\"><div class=\"vce-row vce-row--col-gap-0 vce-row-columns--top vce-row-content--top\" id=\"el-61eb9964\" data-vce-do-apply=\"all el-61eb9964\" data-vce-animate=\"vce-o-animate--fadeIn\"><div class=\"vce-content-background-container\"><\/div><div class=\"vce-row-content\" data-vce-element-content=\"true\"><div class=\"vce-col vce-col--md-40p vce-col--xs-1 vce-col--xs-last vce-col--xs-first vce-col--sm-last vce-col--sm-first vce-col--md-first vce-col--lg-first vce-col--xl-first\" id=\"el-cddac4c9\" data-vce-do-apply=\"background border el-cddac4c9\"><div class=\"vce-col-inner\" data-vce-element-content=\"true\" data-vce-do-apply=\"padding margin  el-cddac4c9\"><div class=\"vce-button--style-basic-container vce-button--style-basic-container--align-center\"><span class=\"vce-button--style-basic-wrapper vce\" id=\"el-19408239\" data-vce-do-apply=\"margin el-19408239\"><a class=\"vce-button--style-basic vce-button--style-basic--border-square vce-button--style-basic--size-small vce-button--style-basic--color-b-107-150-16--fff\" href=\"https:\/\/thaisun.pl\/en\/loyalty-card\/\" title=\"\" data-vce-do-apply=\"padding border background  el-19408239\">Read more<\/a><\/span><\/div><\/div><\/div><div class=\"vce-col vce-col--md-60p vce-col--xs-1 vce-col--xs-last vce-col--xs-first vce-col--sm-last vce-col--sm-first vce-col--md-last vce-col--lg-last vce-col--xl-last\" id=\"el-e0c32e55\" data-vce-do-apply=\"background border el-e0c32e55\"><div class=\"vce-content-background-container\"><\/div><div class=\"vce-col-inner\" data-vce-element-content=\"true\" data-vce-do-apply=\"padding margin  el-e0c32e55\"><\/div><\/div><\/div><\/div><\/div><div class=\"vce-row-container\"><div class=\"vce-row vce-row--col-gap-30 vce-row-columns--top vce-row-content--top\" id=\"el-6b5ff30f\" data-vce-do-apply=\"all el-6b5ff30f\"><div class=\"vce-content-background-container\"><\/div><div class=\"vce-row-content\" data-vce-element-content=\"true\"><div class=\"vce-col vce-col--md-100p vce-col--xs-1 vce-col--xs-last vce-col--xs-first vce-col--sm-last vce-col--sm-first vce-col--md-last vce-col--lg-last vce-col--xl-last vce-col--md-first vce-col--lg-first vce-col--xl-first\" id=\"el-21578dcd\" data-vce-do-apply=\"background border el-21578dcd\"><div class=\"vce-col-inner\" data-vce-element-content=\"true\" data-vce-do-apply=\"padding margin  el-21578dcd\"><div class=\"vce-google-fonts-heading vce-google-fonts-heading--align-center vce-google-fonts-heading--color-b-128-107-78--45--5C00FF--FF7200\"><div class=\"vce-google-fonts-heading-wrapper\"><div class=\"vce-google-fonts-heading--background vce\" id=\"el-9692f24a\" data-vce-do-apply=\"border background  padding margin el-9692f24a\" data-vce-animate=\"vce-o-animate--fadeInUp\"><h3 class=\"vce-google-fonts-heading-inner\" style=\"font-size: 24px;font-family: Lato;font-weight: 700\">More seasonal promotions<\/h3><\/div><\/div><\/div><div class=\"vce vce-separator-container sep-linear vce-separator--align-center vce-separator--style-solid\" id=\"el-ba99ab27\" data-vce-do-apply=\"margin el-ba99ab27\"><div class=\"vce-separator vce-separator--color-b-107-150-16 vce-separator--width-20 vce-separator--thickness-2\" data-vce-do-apply=\"border padding background  el-ba99ab27\" data-vce-animate=\"vce-o-animate--fadeIn\"><\/div><\/div><\/div><\/div><\/div><\/div><\/div><div class=\"vce-posts-grid-container vce-side-grid-container\"><div class=\"vce vce-posts-grid-wrapper vce-side-grid-wrapper vce-posts-grid--gap-10 vce-posts-grid--columns-1 vce-posts-grid-pagination--color-e6b900--ffce00\" id=\"el-6e4ede84\" data-vce-do-apply=\"all el-6e4ede84\"><div class=\"vce-posts-grid-list\"><div class=\"vce-posts-grid-item\"><article class=\"vce-posts-grid-item-inner\" itemscope=\"\" itemtype=\"http:\/\/schema.org\/Article\"><div class=\"vce-post-description vce-post-description--image-alignment-left vce-post-description--title-color-b-128-107-78 vce-post-description--excerpt-color-b-39-38-36 vce-post-description--author-color-ffce00 vce-post-description--meta-color-ba-39-38-36-0-6\"><div class=\"vce-post-description--image\" style=\"background-image:url(https:\/\/thaisun.pl\/wp-content\/uploads\/2018\/12\/swieta-z-thaisun.jpg)\"><a href=\"\" itemprop=\"sameAs\"><\/a><\/div><div class=\"vce-post-description--content\"><p class=\"vce-post-description--meta\"><span>Posted <\/span><span class=\"vce-post-description--meta-date\">on <time datetime=\"2017-12-14 12:12:53\">2017-12-14 12:12:53 <\/time><\/span><\/p><h3 class=\"vce-post-description--title\"><a href=\"\" itemprop=\"sameAs\">Promocja \u015awi\u0105teczna Thaisun \u2013 wszystkie Karty podarunkowe na masa\u017c tajski -20%<\/a><\/h3><div class=\"vce-post-description--excerpt\" itemprop=\"description\"><p>Tajski masa\u017c, stosowany od wiek\u00f3w przez mnich\u00f3w, obecnie uwa\u017cany za g\u0142\u00f3wn\u0105 podstaw\u0119 tajskiej medycyny naturalnej, narodzi\u0142 si\u0119 ponad 2500 lat temu.<\/p>\n<\/div>\n<a href=\"\" class=\"vce-post-link\" itemprop=\"sameAs\"><div class=\"vce-button--style-grow-shadow-container vce-button--style-grow-shadow-container--align-right\"><span class=\"vce-button--style-grow-shadow-wrapper vce\" id=\"el-532f4255\" data-vce-do-apply=\"margin el-532f4255\"><button class=\"vce-button--style-grow-shadow vce-button--style-grow-shadow--border-square vce-button--style-grow-shadow--size-small vce-button--style-grow-shadow--color-b-107-150-16--b-255-255-255--b-107-150-16--b-255-255-255\" data-vce-do-apply=\"padding border background  el-532f4255\">Read more<\/button><\/span><\/div><\/a><\/div><\/div><\/article><\/div><div class=\"vce-posts-grid-item\"><article class=\"vce-posts-grid-item-inner\" itemscope=\"\" itemtype=\"http:\/\/schema.org\/Article\"><div class=\"vce-post-description vce-post-description--image-alignment-left vce-post-description--title-color-b-128-107-78 vce-post-description--excerpt-color-b-39-38-36 vce-post-description--author-color-ffce00 vce-post-description--meta-color-ba-39-38-36-0-6\"><div class=\"vce-post-description--image\" style=\"background-image:url(https:\/\/thaisun.pl\/wp-content\/uploads\/2018\/11\/masaz-tajski.jpg)\"><a href=\"\" itemprop=\"sameAs\"><\/a><\/div><div class=\"vce-post-description--content\"><p class=\"vce-post-description--meta\"><span>Posted <\/span><span class=\"vce-post-description--meta-date\">on <time datetime=\"2015-06-10 07:23:25\">2015-06-10 07:23:25 <\/time><\/span><\/p><h3 class=\"vce-post-description--title\"><a href=\"\" itemprop=\"sameAs\">New promotion for ThaiSun Centrum clients<\/a><\/h3><div class=\"vce-post-description--excerpt\" itemprop=\"description\"><p>ThaiSun Centrum invites everyone for 10% discount on various massages in June. Promotion does count with other possibilities.<\/p>\n<\/div>\n<a href=\"\" class=\"vce-post-link\" itemprop=\"sameAs\"><div class=\"vce-button--style-grow-shadow-container vce-button--style-grow-shadow-container--align-right\"><span class=\"vce-button--style-grow-shadow-wrapper vce\" id=\"el-532f4255\" data-vce-do-apply=\"margin el-532f4255\"><button class=\"vce-button--style-grow-shadow vce-button--style-grow-shadow--border-square vce-button--style-grow-shadow--size-small vce-button--style-grow-shadow--color-b-107-150-16--b-255-255-255--b-107-150-16--b-255-255-255\" data-vce-do-apply=\"padding border background  el-532f4255\">Read more<\/button><\/span><\/div><\/a><\/div><\/div><\/article><\/div><div class=\"vce-posts-grid-item\"><article class=\"vce-posts-grid-item-inner\" itemscope=\"\" itemtype=\"http:\/\/schema.org\/Article\"><div class=\"vce-post-description vce-post-description--image-alignment-left vce-post-description--title-color-b-128-107-78 vce-post-description--excerpt-color-b-39-38-36 vce-post-description--author-color-ffce00 vce-post-description--meta-color-ba-39-38-36-0-6\"><div class=\"vce-post-description--image\" style=\"background-image:url(https:\/\/thaisun.pl\/wp-content\/uploads\/2018\/12\/masaz-plecow-goracymi-kamieniami.jpg)\"><a href=\"\" itemprop=\"sameAs\"><\/a><\/div><div class=\"vce-post-description--content\"><p class=\"vce-post-description--meta\"><span>Posted <\/span><span class=\"vce-post-description--meta-date\">on <time datetime=\"2014-09-03 07:16:28\">2014-09-03 07:16:28 <\/time><\/span><\/p><h3 class=\"vce-post-description--title\"><a href=\"\" itemprop=\"sameAs\">The September promotion in ThaiSun<\/a><\/h3><div class=\"vce-post-description--excerpt\" itemprop=\"description\"><p>New promotion in ThaiSun -15% on gift cards for: Oil massage, Hot stone massage,Hot coconut oil massage, Royal Massage ThaiSun! The promotion lasts only until the end of September, do not miss your opportunity!<\/p>\n<\/div>\n<a href=\"\" class=\"vce-post-link\" itemprop=\"sameAs\"><div class=\"vce-button--style-grow-shadow-container vce-button--style-grow-shadow-container--align-right\"><span class=\"vce-button--style-grow-shadow-wrapper vce\" id=\"el-532f4255\" data-vce-do-apply=\"margin el-532f4255\"><button class=\"vce-button--style-grow-shadow vce-button--style-grow-shadow--border-square vce-button--style-grow-shadow--size-small vce-button--style-grow-shadow--color-b-107-150-16--b-255-255-255--b-107-150-16--b-255-255-255\" data-vce-do-apply=\"padding border background  el-532f4255\">Read more<\/button><\/span><\/div><\/a><\/div><\/div><\/article><\/div><\/div><\/div><\/div><\/div><\/div><\/div><\/div><\/div>\n","protected":false},"excerpt":{"rendered":"<p>PromotionsLatest promotionHAPPY HOURS &#8211; 20% OFF PRICESThe ability to rest properly is as important as the persistence in hard work. During a busy day, it is worth using your break in the best possible way &#8211; a relaxing Thai massage, which we also do in half-hour formats, so that you can fit in even the [&hellip;]<\/p>\n","protected":false},"author":8,"featured_media":0,"parent":0,"menu_order":0,"comment_status":"closed","ping_status":"closed","template":"","meta":{"footnotes":""},"class_list":["post-2958","page","type-page","status-publish","hentry"],"aioseo_notices":[],"_links":{"self":[{"href":"https:\/\/thaisun.pl\/en\/wp-json\/wp\/v2\/pages\/2958","targetHints":{"allow":["GET"]}}],"collection":[{"href":"https:\/\/thaisun.pl\/en\/wp-json\/wp\/v2\/pages"}],"about":[{"href":"https:\/\/thaisun.pl\/en\/wp-json\/wp\/v2\/types\/page"}],"author":[{"embeddable":true,"href":"https:\/\/thaisun.pl\/en\/wp-json\/wp\/v2\/users\/8"}],"replies":[{"embeddable":true,"href":"https:\/\/thaisun.pl\/en\/wp-json\/wp\/v2\/comments?post=2958"}],"version-history":[{"count":1,"href":"https:\/\/thaisun.pl\/en\/wp-json\/wp\/v2\/pages\/2958\/revisions"}],"predecessor-version":[{"id":4811,"href":"https:\/\/thaisun.pl\/en\/wp-json\/wp\/v2\/pages\/2958\/revisions\/4811"}],"wp:attachment":[{"href":"https:\/\/thaisun.pl\/en\/wp-json\/wp\/v2\/media?parent=2958"}],"curies":[{"name":"wp","href":"https:\/\/api.w.org\/{rel}","templated":true}]}}