{"id":2792,"date":"2019-01-07T11:27:20","date_gmt":"2019-01-07T11:27:20","guid":{"rendered":"http:\/\/thaisun.pl\/?page_id=2792"},"modified":"2026-02-26T23:50:35","modified_gmt":"2026-02-26T23:50:35","slug":"salons","status":"publish","type":"page","link":"https:\/\/thaisun.pl\/en\/salons\/","title":{"rendered":"Salons"},"content":{"rendered":"<div class=\"vce-row-container\"><div class=\"vce-row vce-element--has-background vce-row--col-gap-30 vce-row-columns--top vce-row-content--top\" data-vce-full-width=\"true\" id=\"el-c99c85bc\" data-vce-do-apply=\"all el-c99c85bc\" data-vce-animate=\"vce-o-animate--fadeIn\"><div class=\"vce-content-background-container\"><div class=\"vce-asset-background-simple-container vce-visible-all-only vce-asset-background-simple--style-cover vce-asset-background-simple--position-center-center\"><div class=\"vce-asset-background-simple\"><div class=\"vce-asset-background-simple-item\" style=\"background-image: url('https:\/\/thaisun.pl\/wp-content\/uploads\/2018\/11\/bambus-2.jpg')\"><\/div><\/div><\/div><\/div><div class=\"vce-row-content\" data-vce-element-content=\"true\" style=\"padding-left: 112.5px;padding-right: 112.5px\"><div class=\"vce-col vce-col--md-auto vce-col--xs-1 vce-col--xs-last vce-col--xs-first vce-col--sm-last vce-col--sm-first vce-col--md-last vce-col--lg-last vce-col--xl-last vce-col--md-first vce-col--lg-first vce-col--xl-first\" id=\"el-501b8fdf\" data-vce-do-apply=\"background border el-501b8fdf\"><div class=\"vce-content-background-container\"><\/div><div class=\"vce-col-inner\" data-vce-element-content=\"true\" data-vce-do-apply=\"padding margin  el-501b8fdf\"><div class=\"vce-google-fonts-heading vce-google-fonts-heading--align-center vce-google-fonts-heading--color-b-255-255-255--45--5C00FF--FF7200\"><div class=\"vce-google-fonts-heading-wrapper\"><div class=\"vce-google-fonts-heading--background vce\" id=\"el-007ec34d\" data-vce-do-apply=\"border background  padding margin el-007ec34d\"><h1 class=\"vce-google-fonts-heading-inner\" style=\"font-size: 18px;font-family: Lato;font-weight: 700\">ThaiSun Thai Massage Salons<\/h1><\/div><\/div><\/div><\/div><\/div><\/div><\/div><\/div><div class=\"vce-row-container\"><div class=\"vce-row vce-element--xl--has-background vce-element--lg--has-background vce-element--md--has-background vce-row--col-gap-30 vce-row-columns--top vce-row-content--top\" data-vce-full-width=\"true\" id=\"el-f0853be7\" data-vce-do-apply=\"all el-f0853be7\"><div class=\"vce-content-background-container\"><div class=\"vce-asset-background-simple-container vce-visible-xl-only vce-asset-background-simple--style-cover vce-asset-background-simple--position-left-center\"><div class=\"vce-asset-background-simple\"><div class=\"vce-asset-background-simple-item\" style=\"background-image: url('https:\/\/thaisun.pl\/wp-content\/uploads\/2018\/11\/bambus.jpg')\"><\/div><\/div><\/div><div class=\"vce-asset-color-gradient-container vce-visible-xl-only\" data-vce-do-apply=\"gradient el-f0853be7\"><\/div><div class=\"vce-asset-background-simple-container vce-visible-lg-only vce-asset-background-simple--style-cover vce-asset-background-simple--position-left-center\"><div class=\"vce-asset-background-simple\"><div class=\"vce-asset-background-simple-item\" style=\"background-image: url('https:\/\/thaisun.pl\/wp-content\/uploads\/2018\/11\/bambus.jpg')\"><\/div><\/div><\/div><div class=\"vce-asset-color-gradient-container vce-visible-lg-only\" data-vce-do-apply=\"gradient el-f0853be7\"><\/div><div class=\"vce-asset-background-simple-container vce-visible-md-only vce-asset-background-simple--style-cover vce-asset-background-simple--position-center-center\"><div class=\"vce-asset-background-simple\"><div class=\"vce-asset-background-simple-item\" style=\"background-image: url('https:\/\/thaisun.pl\/wp-content\/uploads\/2018\/11\/bambus.jpg')\"><\/div><\/div><\/div><div class=\"vce-asset-color-gradient-container vce-visible-md-only\" data-vce-do-apply=\"gradient el-f0853be7\"><\/div><div class=\"vce-asset-color-gradient-container vce-visible-sm-only\" data-vce-do-apply=\"gradient el-f0853be7\"><\/div><div class=\"vce-asset-color-gradient-container vce-visible-xs-only\" data-vce-do-apply=\"gradient el-f0853be7\"><\/div><\/div><div class=\"vce-row-content\" data-vce-element-content=\"true\" style=\"padding-left: 112.5px;padding-right: 112.5px\"><div class=\"vce-col vce-col--md-auto vce-col--xs-1 vce-col--xs-last vce-col--xs-first vce-col--sm-last vce-col--sm-first vce-col--md-last vce-col--lg-last vce-col--xl-last vce-col--md-first vce-col--lg-first vce-col--xl-first\" id=\"el-529d0472\" data-vce-do-apply=\"background border el-529d0472\"><div class=\"vce-content-background-container\"><\/div><div class=\"vce-col-inner\" data-vce-element-content=\"true\" data-vce-do-apply=\"padding margin  el-529d0472\"><div class=\"vce-row-container\"><div class=\"vce-row vce-row--col-gap-30 vce-row-columns--top vce-row-content--top\" id=\"el-e2963fe7\" data-vce-do-apply=\"all el-e2963fe7\" data-vce-animate=\"vce-o-animate--fadeInDown\"><div class=\"vce-content-background-container\"><\/div><div class=\"vce-row-content\" data-vce-element-content=\"true\"><div class=\"vce-col vce-col--md-100p vce-col--xs-1 vce-col--xs-last vce-col--xs-first vce-col--sm-last vce-col--sm-first vce-col--md-last vce-col--lg-last vce-col--xl-last vce-col--md-first vce-col--lg-first vce-col--xl-first\" id=\"el-720aa430\" data-vce-do-apply=\"background border el-720aa430\"><div class=\"vce-col-inner\" data-vce-element-content=\"true\" data-vce-do-apply=\"padding margin  el-720aa430\"><div class=\"vce-google-fonts-heading vce-google-fonts-heading--align-center vce-google-fonts-heading--color-b-128-107-78--45--5C00FF--FF7200\"><div class=\"vce-google-fonts-heading-wrapper\"><div class=\"vce-google-fonts-heading--background vce\" id=\"el-a847212b\" data-vce-do-apply=\"border background  padding margin el-a847212b\"><h2 class=\"vce-google-fonts-heading-inner\" style=\"font-size: 26px;font-family: Lato;font-weight: 700\">Our locations<\/h2><\/div><\/div><\/div><div class=\"vce vce-separator-container sep-linear vce-separator--align-center vce-separator--style-solid\" id=\"el-a02a1356\" data-vce-do-apply=\"margin el-a02a1356\"><div class=\"vce-separator vce-separator--color-b-107-150-16 vce-separator--width-30 vce-separator--thickness-2\" data-vce-do-apply=\"border padding background  el-a02a1356\"><\/div><\/div><\/div><\/div><\/div><\/div><\/div><div class=\"vce-row-container\"><div class=\"vce-row vce-row--col-gap-20 salons-grid-v2 vce-row-equal-height vce-row-columns--top vce-row-content--top\" id=\"el-e9c7eb76\" data-vce-do-apply=\"all el-e9c7eb76\" data-vce-animate=\"vce-o-animate--fadeInUp\"><div class=\"vce-content-background-container\"><\/div><div class=\"vce-row-content\" data-vce-element-content=\"true\"><div class=\"vce-col vce-col--md-33-33p vce-col--xs-1 vce-col--xs-last vce-col--xs-first vce-col--sm-last vce-col--sm-first vce-col--md-first vce-col--lg-first vce-col--xl-first\" id=\"el-3eeb7fd0\" data-vce-do-apply=\"background border el-3eeb7fd0\"><div class=\"vce-col-inner\" data-vce-element-content=\"true\" data-vce-do-apply=\"padding margin  el-3eeb7fd0\"><div class=\"vce-single-image-container vce-single-image--align-left\"><div class=\"vce vce-single-image-wrapper\" id=\"el-6b033bf9\" data-vce-do-apply=\"all el-6b033bf9\"><figure><a href=\"https:\/\/thaisun.pl\/en\/salons\/thaisun-salon-warszawa-centrum\/\" title=\"\" class=\"vce-single-image-inner\"><img class=\"vce-single-image\" data-width=\"600\" data-img-src=\"https:\/\/thaisun.pl\/wp-content\/uploads\/2018\/12\/salon-masazu-centrum.jpg\" alt=\"\" title=\"salon-masazu-centrum\" \/><\/a><\/figure><\/div><\/div><div class=\"vce-text-block\"><div class=\"vce-text-block-wrapper vce\" id=\"el-dd244fee\" data-vce-do-apply=\"all el-dd244fee\"><h4 style=\"text-align: center;font-size: 16px\"><a href=\"https:\/\/thaisun.pl\/en\/salons\/thaisun-salon-warszawa-centrum\/\">ThaiSun Warszawa Centrum<\/a><\/h4><p>The ThaiSun Centrum salon is very easy to find, located in the center of the city and is our most popular salon at the moment.<\/p><p>You can find near Warsaw Spire building, right next to the Hilton Hotel.<br><\/p><\/div><\/div><div class=\"vce-button--style-basic-container vce-button--style-basic-container--align-center\"><span class=\"vce-button--style-basic-wrapper vce vce-button--style-basic-wrapper--stretched\" id=\"el-a346b64f\" data-vce-do-apply=\"margin el-a346b64f\"><a class=\"vce-button--style-basic vce-button--style-basic--border-square vce-button--style-basic--size-small vce-button--style-basic--color-b-128-107-78--fff\" href=\"https:\/\/thaisun.pl\/en\/salons\/thaisun-salon-warszawa-centrum\/\" title=\"\" data-vce-do-apply=\"padding border background  el-a346b64f\">Go to the location<\/a><\/span><\/div><\/div><\/div><div class=\"vce-col vce-col--md-33-33p vce-col--xs-1 vce-col--xs-last vce-col--xs-first vce-col--sm-last vce-col--sm-first\" id=\"el-cd793e32\" data-vce-do-apply=\"background border el-cd793e32\"><div class=\"vce-col-inner\" data-vce-element-content=\"true\" data-vce-do-apply=\"padding margin  el-cd793e32\"><div class=\"vce-single-image-container vce-single-image--align-left\"><div class=\"vce vce-single-image-wrapper\" id=\"el-ff4ecbe8\" data-vce-do-apply=\"all el-ff4ecbe8\"><figure><a href=\"https:\/\/thaisun.pl\/en\/salons\/thaisun-salon-warszawa-saska-kepa\/\" title=\"\" class=\"vce-single-image-inner\"><img class=\"vce-single-image\" data-width=\"600\" data-img-src=\"https:\/\/thaisun.pl\/wp-content\/uploads\/2018\/12\/salon-masazu-saska-kepa-thaisun.jpg\" alt=\"\" title=\"salon-masazu-saska-kepa-thaisun\" \/><\/a><\/figure><\/div><\/div><div class=\"vce-text-block\"><div class=\"vce-text-block-wrapper vce\" id=\"el-934bc2b2\" data-vce-do-apply=\"all el-934bc2b2\"><h4 style=\"text-align: center;font-size: 16px\"><a href=\"https:\/\/thaisun.pl\/en\/salons\/thaisun-salon-warszawa-saska-kepa\/\">ThaiSun Warszawa Saska KEpa<\/a><\/h4><p style=\"text-align: left\">Our salon on Saska K\u0119pa is the cosiest of ThaiSun salons in Warsaw. Located in a charming green district in Warsaw is a perfect place for a date - all the available rooms are for two persons. The entrance to the salon is located on the corner of Zwyciezc\u00f3w and Katowicka street.<\/p><\/div><\/div><div class=\"vce-button--style-basic-container vce-button--style-basic-container--align-center\"><span class=\"vce-button--style-basic-wrapper vce vce-button--style-basic-wrapper--stretched\" id=\"el-a8fed142\" data-vce-do-apply=\"margin el-a8fed142\"><a class=\"vce-button--style-basic vce-button--style-basic--border-square vce-button--style-basic--size-small vce-button--style-basic--color-b-128-107-78--fff\" href=\"https:\/\/thaisun.pl\/en\/salons\/thaisun-salon-warszawa-saska-kepa\/\" title=\"\" data-vce-do-apply=\"padding border background  el-a8fed142\">Go to the location<\/a><\/span><\/div><\/div><\/div><div class=\"vce-col vce-col--md-33-33p vce-col--xs-1 vce-col--xs-last vce-col--xs-first vce-col--sm-last vce-col--sm-first vce-col--md-last vce-col--lg-last vce-col--xl-last\" id=\"el-4281fc25\" data-vce-do-apply=\"background border el-4281fc25\"><div class=\"vce-col-inner\" data-vce-element-content=\"true\" data-vce-do-apply=\"padding margin  el-4281fc25\"><div class=\"vce-single-image-container vce-single-image--align-left\"><div class=\"vce vce-single-image-wrapper\" id=\"el-24e6fb48\" data-vce-do-apply=\"all el-24e6fb48\"><figure><a href=\"https:\/\/thaisun.pl\/en\/salons\/thaisun-salon-warszawa-mokotow\/\" title=\"\" class=\"vce-single-image-inner\"><img class=\"vce-single-image\" data-width=\"600\" data-img-src=\"https:\/\/thaisun.pl\/wp-content\/uploads\/2018\/11\/tajskie-spa-thaisun-warszawa-mokotow.jpg\" alt=\"Tajskie SPA ThaiSun Warszawa Mokot\u00f3w\" title=\"tajskie-spa-thaisun-warszawa-mokotow\" \/><\/a><\/figure><\/div><\/div><div class=\"vce-text-block\"><div class=\"vce-text-block-wrapper vce\" id=\"el-a90193a2\" data-vce-do-apply=\"all el-a90193a2\"><h4 style=\"text-align: center;font-size: 16px\"><a href=\"https:\/\/thaisun.pl\/en\/salons\/thaisun-salon-warszawa-mokotow\/\">ThaiSun Warszawa Mokotow<\/a><\/h4><p style=\"text-align: left\">The biggest of our salons in Warsaw, ThaiSun Mokot\u00f3w is often praised for its space and quiet, located near the corner of Wilanowska and Dolinka S\u0142u\u017cewiecka streets. This one is perfect for SPA treatments as it offers the biggest SPA room equipped even with a bathtub.<\/p><\/div><\/div><div class=\"vce-button--style-basic-container vce-button--style-basic-container--align-center\"><span class=\"vce-button--style-basic-wrapper vce vce-button--style-basic-wrapper--stretched\" id=\"el-7a58b87b\" data-vce-do-apply=\"margin el-7a58b87b\"><a class=\"vce-button--style-basic vce-button--style-basic--border-square vce-button--style-basic--size-small vce-button--style-basic--color-b-128-107-78--fff\" href=\"https:\/\/thaisun.pl\/en\/salons\/thaisun-salon-warszawa-mokotow\/\" title=\"\" data-vce-do-apply=\"padding border background  el-7a58b87b\">Go to the location<\/a><\/span><\/div><\/div><\/div><\/div><\/div><\/div><div class=\"vce-row-container\"><div class=\"vce-row vce-row--col-gap-20 salons-grid-v2 vce-row-equal-height vce-row-columns--top vce-row-content--top\" id=\"el-a0b7645a\" data-vce-do-apply=\"all el-a0b7645a\" data-vce-animate=\"vce-o-animate--fadeInUp\"><div class=\"vce-content-background-container\"><\/div><div class=\"vce-row-content\" data-vce-element-content=\"true\"><div class=\"vce-col vce-col--md-33-33p vce-col--xs-1 vce-col--xs-last vce-col--xs-first vce-col--sm-last vce-col--sm-first vce-col--md-first vce-col--lg-first vce-col--xl-first\" id=\"el-1f4c117f\" data-vce-do-apply=\"background border el-1f4c117f\"><div class=\"vce-col-inner\" data-vce-element-content=\"true\" data-vce-do-apply=\"padding margin  el-1f4c117f\"><div class=\"vce-single-image-container vce-single-image--align-left\"><div class=\"vce vce-single-image-wrapper\" id=\"el-0ef5d45a\" data-vce-do-apply=\"all el-0ef5d45a\"><figure><a href=\"https:\/\/thaisun.pl\/en\/salons\/thaisun-salon-krakow-centrum\/\" title=\"\" class=\"vce-single-image-inner\"><img class=\"vce-single-image\" data-width=\"600\" data-img-src=\"https:\/\/thaisun.pl\/wp-content\/uploads\/2018\/12\/salon-masazu-krakow-1.jpg\" alt=\"\" title=\"salon-masazu-krakow\" \/><\/a><\/figure><\/div><\/div><div class=\"vce-text-block\"><div class=\"vce-text-block-wrapper vce\" id=\"el-bebab6cb\" data-vce-do-apply=\"all el-bebab6cb\"><h4 style=\"text-align: center;font-size: 16px\"><a href=\"https:\/\/thaisun.pl\/en\/salons\/thaisun-salon-krakow-centrum\/\">ThaiSun Krakow Centrum<\/a><\/h4><p>Located less than 800 meters from the strict center of the city of Cracow this ThaiSun salon offers the peace and quiet needed for relaxation. Its equipped with special SPA room as well and can host up to 5 persons at the same time.<\/p><\/div><\/div><div class=\"vce-button--style-basic-container vce-button--style-basic-container--align-center\"><span class=\"vce-button--style-basic-wrapper vce vce-button--style-basic-wrapper--stretched\" id=\"el-8cd0d3d9\" data-vce-do-apply=\"margin el-8cd0d3d9\"><a class=\"vce-button--style-basic vce-button--style-basic--border-square vce-button--style-basic--size-small vce-button--style-basic--color-b-128-107-78--fff\" href=\"https:\/\/thaisun.pl\/en\/salons\/thaisun-salon-krakow-centrum\/\" title=\"\" data-vce-do-apply=\"padding border background  el-8cd0d3d9\">Go to the location<\/a><\/span><\/div><\/div><\/div><div class=\"vce-col vce-col--md-33-33p vce-col--xs-1 vce-col--xs-last vce-col--xs-first vce-col--sm-last vce-col--sm-first\" id=\"el-4d5ad2f6\" data-vce-do-apply=\"background border el-4d5ad2f6\"><div class=\"vce-col-inner\" data-vce-element-content=\"true\" data-vce-do-apply=\"padding margin  el-4d5ad2f6\"><div class=\"vce-single-image-container vce-single-image--align-left\"><div class=\"vce vce-single-image-wrapper\" id=\"el-526ca638\" data-vce-do-apply=\"all el-526ca638\"><figure><a href=\"https:\/\/thaisun.pl\/en\/salons\/thaisun-salon-wroclaw-centrum\/\" title=\"\" class=\"vce-single-image-inner\"><img class=\"vce-single-image\" data-width=\"600\" data-img-src=\"https:\/\/thaisun.pl\/wp-content\/uploads\/2018\/12\/salon-thaisun.jpg\" alt=\"\" title=\"salon-thaisun\" \/><\/a><\/figure><\/div><\/div><div class=\"vce-text-block\"><div class=\"vce-text-block-wrapper vce\" id=\"el-8109c549\" data-vce-do-apply=\"all el-8109c549\"><h4 style=\"text-align: center;font-size: 16px\"><a href=\"https:\/\/thaisun.pl\/en\/salons\/thaisun-salon-wroclaw-centrum\/\">ThaiSun Wroclaw Centrum<\/a><\/h4><p style=\"text-align: left\">In Wroc\u0142aw You can find our salon very near the city center on the Wyszy\u0144skiego street under the number 43. Inside among the bamboos dominating in the decoration style You will find comfortable rooms specially adjusted for every kind of thai massage.<\/p><\/div><\/div><div class=\"vce-button--style-basic-container vce-button--style-basic-container--align-center\"><span class=\"vce-button--style-basic-wrapper vce vce-button--style-basic-wrapper--stretched\" id=\"el-8a3e9cbe\" data-vce-do-apply=\"margin el-8a3e9cbe\"><a class=\"vce-button--style-basic vce-button--style-basic--border-square vce-button--style-basic--size-small vce-button--style-basic--color-b-128-107-78--fff\" href=\"https:\/\/thaisun.pl\/en\/salons\/thaisun-salon-wroclaw-centrum\/\" title=\"\" data-vce-do-apply=\"padding border background  el-8a3e9cbe\">Go to the location<\/a><\/span><\/div><\/div><\/div><div class=\"vce-col vce-col--md-33-33p vce-col--xs-1 vce-col--xs-last vce-col--xs-first vce-col--sm-last vce-col--sm-first vce-col--md-last vce-col--lg-last vce-col--xl-last\" id=\"el-1bb3f701\" data-vce-do-apply=\"background border el-1bb3f701\"><div class=\"vce-content-background-container\"><\/div><div class=\"vce-col-inner\" data-vce-element-content=\"true\" data-vce-do-apply=\"padding margin  el-1bb3f701\"><\/div><\/div><\/div><\/div><\/div><\/div><\/div><\/div><\/div><\/div><div class=\"vce-row-container\"><div class=\"vce-row vce-element--xl--has-background vce-element--lg--has-background vce-element--md--has-background vce-element--sm--has-background vce-element--xs--has-background vce-row--col-gap-20 section-cta vce-row-equal-height vce-row-columns--top vce-row-content--middle\" data-vce-full-width=\"true\" id=\"el-c102e7f6\" data-vce-do-apply=\"all el-c102e7f6\" data-vce-animate=\"vce-o-animate--fadeIn-xl vce-o-animate--fadeIn-lg vce-o-animate--fadeIn-md vce-o-animate--fadeIn-sm vce-o-animate--fadeIn-xs\"><div class=\"vce-content-background-container\"><\/div><div class=\"vce-row-content\" data-vce-element-content=\"true\" style=\"padding-left: 112.5px;padding-right: 112.5px\"><div class=\"vce-col vce-col--md-100p vce-col--xs-1 vce-col--xs-last vce-col--xs-first vce-col--sm-last vce-col--sm-first vce-col--md-last vce-col--lg-last vce-col--xl-last vce-col--md-first vce-col--lg-first vce-col--xl-first\" id=\"el-13f4e7d9\" data-vce-do-apply=\"background border el-13f4e7d9\"><div class=\"vce-col-inner\" data-vce-element-content=\"true\" data-vce-do-apply=\"padding margin  el-13f4e7d9\"><div class=\"vce-col-content\"><div class=\"vce-row-container\"><div class=\"vce-row vce-row--col-gap-10 vce-row-equal-height vce-row-columns--top vce-row-content--middle\" id=\"el-76a324be\" data-vce-do-apply=\"all el-76a324be\"><div class=\"vce-row-content\" data-vce-element-content=\"true\"><div class=\"vce-col vce-col--xs-100p vce-col--xs-visible vce-col--xs-last vce-col--xs-first vce-col--sm-100p vce-col--sm-visible vce-col--sm-last vce-col--sm-first vce-col--md-100p vce-col--md-visible vce-col--md-last vce-col--md-first vce-col--lg-100p vce-col--lg-visible vce-col--lg-last vce-col--lg-first vce-col--xl-100p vce-col--xl-visible vce-col--xl-last vce-col--xl-first\" id=\"el-6a7aafd5\" data-vce-do-apply=\"background border el-6a7aafd5\"><div class=\"vce-col-inner\" data-vce-element-content=\"true\" data-vce-do-apply=\"padding margin  el-6a7aafd5\"><div class=\"vce-col-content\"><div class=\"vce-text-block\"><div class=\"vce-text-block-wrapper vce\" id=\"el-54703b85\" data-vce-do-apply=\"all el-54703b85\"><p style=\"text-align: center\">Enjoy a massage at ThaiSun Thai Massage Salon<\/p><\/div><\/div><\/div><\/div><\/div><div class=\"vce-col vce-col--xs-100p vce-col--xs-visible vce-col--xs-last vce-col--xs-first vce-col--sm-100p vce-col--sm-visible vce-col--sm-last vce-col--sm-first vce-col--md-33-33p vce-col--md-visible vce-col--md-first vce-col--lg-25p vce-col--lg-visible vce-col--lg-first vce-col--xl-20p vce-col--xl-visible vce-col--xl-first\" id=\"el-d4e83be8\" data-vce-do-apply=\"background border el-d4e83be8\"><div class=\"vce-col-inner\" data-vce-element-content=\"true\" data-vce-do-apply=\"padding margin  el-d4e83be8\"><div class=\"vce-col-content\"><div class=\"vce-button--style-basic-container vce-button--style-basic-container--align-center\"><span class=\"vce-button--style-basic-wrapper vce vce-button--style-basic-wrapper--stretched\" id=\"el-94c5ff7c\" data-vce-do-apply=\"margin el-94c5ff7c\"><a class=\"vce-button--style-basic vce-button--style-basic--border-rounded vce-button--style-basic--size-medium vce-button--style-basic--color-b-79-111-11--fff\" href=\"tel:+48513932221\" title=\"\" data-vce-do-apply=\"padding border background  el-94c5ff7c\">Lucka: 513 932 221<\/a><\/span><\/div><\/div><\/div><\/div><div class=\"vce-col vce-col--xs-100p vce-col--xs-visible vce-col--xs-last vce-col--xs-first vce-col--sm-100p vce-col--sm-visible vce-col--sm-last vce-col--sm-first vce-col--md-33-33p vce-col--md-visible vce-col--lg-25p vce-col--lg-visible vce-col--xl-20p vce-col--xl-visible\" id=\"el-4599d366\" data-vce-do-apply=\"background border el-4599d366\"><div class=\"vce-content-background-container\"><\/div><div class=\"vce-col-inner\" data-vce-element-content=\"true\" data-vce-do-apply=\"padding margin  el-4599d366\"><div class=\"vce-col-content\"><div class=\"vce-button--style-basic-container vce-button--style-basic-container--align-center\"><span class=\"vce-button--style-basic-wrapper vce vce-button--style-basic-wrapper--stretched\" id=\"el-29280065\" data-vce-do-apply=\"margin el-29280065\"><a class=\"vce-button--style-basic vce-button--style-basic--border-rounded vce-button--style-basic--size-medium vce-button--style-basic--color-b-79-111-11--fff\" href=\"tel:+48515965945\" title=\"\" data-vce-do-apply=\"padding border background  el-29280065\">Saska Kepa: 515 965 945<\/a><\/span><\/div><\/div><\/div><\/div><div class=\"vce-col vce-col--xs-100p vce-col--xs-visible vce-col--xs-last vce-col--xs-first vce-col--sm-100p vce-col--sm-visible vce-col--sm-last vce-col--sm-first vce-col--md-33-33p vce-col--md-visible vce-col--md-last vce-col--lg-25p vce-col--lg-visible vce-col--xl-20p vce-col--xl-visible\" id=\"el-1226661c\" data-vce-do-apply=\"background border el-1226661c\"><div class=\"vce-col-inner\" data-vce-element-content=\"true\" data-vce-do-apply=\"padding margin  el-1226661c\"><div class=\"vce-col-content\"><div class=\"vce-button--style-basic-container vce-button--style-basic-container--align-center\"><span class=\"vce-button--style-basic-wrapper vce vce-button--style-basic-wrapper--stretched\" id=\"el-033bddc0\" data-vce-do-apply=\"margin el-033bddc0\"><a class=\"vce-button--style-basic vce-button--style-basic--border-rounded vce-button--style-basic--size-medium vce-button--style-basic--color-b-79-111-11--fff\" href=\"tel:+48503555402\" title=\"\" data-vce-do-apply=\"padding border background  el-033bddc0\">Mokotow: 503 555 402<\/a><\/span><\/div><\/div><\/div><\/div><div class=\"vce-col vce-col--xs-100p vce-col--xs-visible vce-col--xs-last vce-col--xs-first vce-col--sm-100p vce-col--sm-visible vce-col--sm-last vce-col--sm-first vce-col--md-33-33p vce-col--md-visible vce-col--md-first vce-col--lg-25p vce-col--lg-visible vce-col--lg-last vce-col--xl-20p vce-col--xl-visible\" id=\"el-10efc1f1\" data-vce-do-apply=\"background border el-10efc1f1\"><div class=\"vce-col-inner\" data-vce-element-content=\"true\" data-vce-do-apply=\"padding margin  el-10efc1f1\"><div class=\"vce-col-content\"><div class=\"vce-button--style-basic-container vce-button--style-basic-container--align-center\"><span class=\"vce-button--style-basic-wrapper vce vce-button--style-basic-wrapper--stretched\" id=\"el-e90c53bc\" data-vce-do-apply=\"margin el-e90c53bc\"><a class=\"vce-button--style-basic vce-button--style-basic--border-rounded vce-button--style-basic--size-medium vce-button--style-basic--color-b-79-111-11--fff\" href=\"tel:+48505341593\" title=\"\" data-vce-do-apply=\"padding border background  el-e90c53bc\">Krakow: 505 341 593<\/a><\/span><\/div><\/div><\/div><\/div><div class=\"vce-col vce-col--xs-100p vce-col--xs-visible vce-col--xs-last vce-col--xs-first vce-col--sm-100p vce-col--sm-visible vce-col--sm-last vce-col--sm-first vce-col--md-33-33p vce-col--md-visible vce-col--md-last vce-col--lg-25p vce-col--lg-visible vce-col--lg-last vce-col--lg-first vce-col--xl-20p vce-col--xl-visible vce-col--xl-last\" id=\"el-7b146767\" data-vce-do-apply=\"background border el-7b146767\"><div class=\"vce-col-inner\" data-vce-element-content=\"true\" data-vce-do-apply=\"padding margin  el-7b146767\"><div class=\"vce-col-content\"><div class=\"vce-button--style-basic-container vce-button--style-basic-container--align-center\"><span class=\"vce-button--style-basic-wrapper vce vce-button--style-basic-wrapper--stretched\" id=\"el-45b8b4ad\" data-vce-do-apply=\"margin el-45b8b4ad\"><a class=\"vce-button--style-basic vce-button--style-basic--border-rounded vce-button--style-basic--size-medium vce-button--style-basic--color-b-79-111-11--fff\" href=\"tel:+48512399389\" title=\"\" data-vce-do-apply=\"padding border background  el-45b8b4ad\">Wroclaw: 512 399 389<\/a><\/span><\/div><\/div><\/div><\/div><\/div><\/div><\/div><\/div><\/div><\/div><\/div><\/div><\/div>\n","protected":false},"excerpt":{"rendered":"<p>ThaiSun Thai Massage SalonsOur locationsThaiSun Warszawa CentrumThe ThaiSun Centrum salon is very easy to find, located in the center of the city and is our most popular salon at the moment.You can find near Warsaw Spire building, right next to the Hilton Hotel.Go to the locationThaiSun Warszawa Saska KEpaOur salon on Saska K\u0119pa is the [&hellip;]<\/p>\n","protected":false},"author":8,"featured_media":0,"parent":0,"menu_order":0,"comment_status":"closed","ping_status":"closed","template":"","meta":{"footnotes":""},"class_list":["post-2792","page","type-page","status-publish","hentry"],"aioseo_notices":[],"_links":{"self":[{"href":"https:\/\/thaisun.pl\/en\/wp-json\/wp\/v2\/pages\/2792","targetHints":{"allow":["GET"]}}],"collection":[{"href":"https:\/\/thaisun.pl\/en\/wp-json\/wp\/v2\/pages"}],"about":[{"href":"https:\/\/thaisun.pl\/en\/wp-json\/wp\/v2\/types\/page"}],"author":[{"embeddable":true,"href":"https:\/\/thaisun.pl\/en\/wp-json\/wp\/v2\/users\/8"}],"replies":[{"embeddable":true,"href":"https:\/\/thaisun.pl\/en\/wp-json\/wp\/v2\/comments?post=2792"}],"version-history":[{"count":1,"href":"https:\/\/thaisun.pl\/en\/wp-json\/wp\/v2\/pages\/2792\/revisions"}],"predecessor-version":[{"id":4806,"href":"https:\/\/thaisun.pl\/en\/wp-json\/wp\/v2\/pages\/2792\/revisions\/4806"}],"wp:attachment":[{"href":"https:\/\/thaisun.pl\/en\/wp-json\/wp\/v2\/media?parent=2792"}],"curies":[{"name":"wp","href":"https:\/\/api.w.org\/{rel}","templated":true}]}}