{"id":2669,"date":"2019-01-07T07:55:42","date_gmt":"2019-01-07T07:55:42","guid":{"rendered":"http:\/\/thaisun.pl\/?page_id=2669"},"modified":"2025-03-20T16:43:40","modified_gmt":"2025-03-20T16:43:40","slug":"price-list","status":"publish","type":"page","link":"https:\/\/thaisun.pl\/en\/price-list\/","title":{"rendered":"Price list"},"content":{"rendered":"<div class=\"vce-row-container\"><div class=\"vce-row vce-element--has-background vce-row--col-gap-30 vce-row-content--top\" data-vce-full-width=\"true\" id=\"el-e91af7fb\" data-vce-do-apply=\"all el-e91af7fb\" data-vce-animate=\"vce-o-animate--fadeIn\"><div class=\"vce-content-background-container\"><div class=\"vce-asset-background-simple-container vce-visible-all-only vce-asset-background-simple--style-cover vce-asset-background-simple--position-center-center\"><div class=\"vce-asset-background-simple\"><div class=\"vce-asset-background-simple-item\" style=\"background-image: url('https:\/\/thaisun.pl\/wp-content\/uploads\/2018\/11\/bambus-2.jpg');\"><\/div><\/div><\/div><\/div><div class=\"vce-row-content\" data-vce-element-content=\"true\"><div class=\"vce-col vce-col--md-auto vce-col--xs-1 vce-col--xs-last vce-col--xs-first vce-col--sm-last vce-col--sm-first vce-col--md-last vce-col--lg-last vce-col--xl-last vce-col--md-first vce-col--lg-first vce-col--xl-first\" id=\"el-9f07282a\"><div class=\"vce-col-inner\" data-vce-do-apply=\"border margin background  el-9f07282a\"><div class=\"vce-content-background-container\"><\/div><div class=\"vce-col-content\" data-vce-element-content=\"true\" data-vce-do-apply=\"padding el-9f07282a\"><div class=\"vce-google-fonts-heading vce-google-fonts-heading--align-center vce-google-fonts-heading--color-b-255-255-255--45--5C00FF--FF7200 vce-google-fonts-heading--font-family-Lato\"><div id=\"el-9a370f01\" class=\"vce-google-fonts-heading-wrapper\"><div class=\"vce-google-fonts-heading--background vce\" data-vce-do-apply=\"border background  padding margin el-9a370f01\"><h1 class=\"vce-google-fonts-heading-inner\" style=\"font-size: 18px; font-weight: 700; font-style: normal;\">Price list of massages, spa treatments and packages<\/h1><\/div><\/div><\/div><\/div><\/div><\/div><\/div><\/div><\/div><div class=\"vce-row-container\"><div class=\"vce-row vce-element--xl--has-background vce-element--lg--has-background vce-element--md--has-background vce-element--sm--has-background vce-row--col-gap-30 vce-row-content--top\" data-vce-full-width=\"true\" id=\"el-e5de8e49\" data-vce-do-apply=\"all el-e5de8e49\"><div class=\"vce-content-background-container\"><div class=\"vce-asset-parallax-container vce-visible-xl-only\" data-vce-assets-parallax=\".vce-asset-parallax\" data-vce-assets-parallax-speed=\"10\"><div class=\"vce-asset-parallax\" style=\"top: -10vh; bottom: -10vh; transform: translateY(2.97318vh);\"><div class=\"vce-asset-background-simple-container vce-visible-xl-only vce-asset-background-simple--style-cover vce-asset-background-simple--position-center-center\"><div class=\"vce-asset-background-simple\"><div class=\"vce-asset-background-simple-item\" style=\"background-image: url('https:\/\/thaisun.pl\/wp-content\/uploads\/2018\/11\/bambus.jpg');\"><\/div><\/div><\/div><div class=\"vce-asset-color-gradient-container vce-visible-xl-only\" data-vce-do-apply=\"gradient el-e5de8e49\"><\/div><\/div><\/div><div class=\"vce-asset-parallax-container vce-visible-lg-only\" data-vce-assets-parallax=\".vce-asset-parallax\" data-vce-assets-parallax-speed=\"10\"><div class=\"vce-asset-parallax\" style=\"top: -10vh; bottom: -10vh;\"><div class=\"vce-asset-background-simple-container vce-visible-lg-only vce-asset-background-simple--style-cover vce-asset-background-simple--position-center-center\"><div class=\"vce-asset-background-simple\"><div class=\"vce-asset-background-simple-item\" style=\"background-image: url('https:\/\/thaisun.pl\/wp-content\/uploads\/2018\/11\/bambus.jpg');\"><\/div><\/div><\/div><div class=\"vce-asset-color-gradient-container vce-visible-lg-only\" data-vce-do-apply=\"gradient el-e5de8e49\"><\/div><\/div><\/div><div class=\"vce-asset-parallax-container vce-visible-md-only\" data-vce-assets-parallax=\".vce-asset-parallax\" data-vce-assets-parallax-speed=\"10\"><div class=\"vce-asset-parallax\" style=\"top: -10vh; bottom: -10vh;\"><div class=\"vce-asset-background-simple-container vce-visible-md-only vce-asset-background-simple--style-cover vce-asset-background-simple--position-center-center\"><div class=\"vce-asset-background-simple\"><div class=\"vce-asset-background-simple-item\" style=\"background-image: url('https:\/\/thaisun.pl\/wp-content\/uploads\/2018\/11\/bambus.jpg');\"><\/div><\/div><\/div><div class=\"vce-asset-color-gradient-container vce-visible-md-only\" data-vce-do-apply=\"gradient el-e5de8e49\"><\/div><\/div><\/div><div class=\"vce-asset-parallax-container vce-visible-sm-only\" data-vce-assets-parallax=\".vce-asset-parallax\" data-vce-assets-parallax-speed=\"10\"><div class=\"vce-asset-parallax\" style=\"top: -10vh; bottom: -10vh;\"><div class=\"vce-asset-background-simple-container vce-visible-sm-only vce-asset-background-simple--style-cover vce-asset-background-simple--position-center-center\"><div class=\"vce-asset-background-simple\"><div class=\"vce-asset-background-simple-item\" style=\"background-image: url('https:\/\/thaisun.pl\/wp-content\/uploads\/2018\/11\/bambus.jpg');\"><\/div><\/div><\/div><div class=\"vce-asset-color-gradient-container vce-visible-sm-only\" data-vce-do-apply=\"gradient el-e5de8e49\"><\/div><\/div><\/div><div class=\"vce-asset-parallax-container vce-visible-xs-only\" data-vce-assets-parallax=\".vce-asset-parallax\" data-vce-assets-parallax-speed=\"10\"><div class=\"vce-asset-parallax\" style=\"top: -10vh; bottom: -10vh;\"><div class=\"vce-asset-color-gradient-container vce-visible-xs-only\" data-vce-do-apply=\"gradient el-e5de8e49\"><\/div><\/div><\/div><\/div><div class=\"vce-row-content\" data-vce-element-content=\"true\"><div class=\"vce-col vce-col--md-auto vce-col--xs-1 vce-col--xs-last vce-col--xs-first vce-col--sm-last vce-col--sm-first vce-col--md-last vce-col--lg-last vce-col--xl-last vce-col--md-first vce-col--lg-first vce-col--xl-first\" id=\"el-4f20b606\"><div class=\"vce-col-inner\" data-vce-do-apply=\"border margin background  el-4f20b606\"><div class=\"vce-content-background-container\"><\/div><div class=\"vce-col-content\" data-vce-element-content=\"true\" data-vce-do-apply=\"padding el-4f20b606\"><div class=\"vce-row-container\" data-vce-boxed-width=\"true\"><div class=\"vce-row vce-row--col-gap-30 vce-row-content--top\" id=\"el-57e2c7e0\" data-vce-do-apply=\"all el-57e2c7e0\" data-vce-animate=\"vce-o-animate--fadeInDown\"><div class=\"vce-content-background-container\"><\/div><div class=\"vce-row-content\" data-vce-element-content=\"true\"><div class=\"vce-col vce-col--md-100p vce-col--xs-1 vce-col--xs-last vce-col--xs-first vce-col--sm-last vce-col--sm-first vce-col--md-last vce-col--lg-last vce-col--xl-last vce-col--md-first vce-col--lg-first vce-col--xl-first\" id=\"el-2fc96dca\"><div class=\"vce-col-inner\" data-vce-do-apply=\"border margin background  el-2fc96dca\"><div class=\"vce-col-content\" data-vce-element-content=\"true\" data-vce-do-apply=\"padding el-2fc96dca\"><div class=\"vce-google-fonts-heading vce-google-fonts-heading--align-center vce-google-fonts-heading--color-b-128-107-78--45--5C00FF--FF7200 vce-google-fonts-heading--font-family-Lato\"><div id=\"el-523aaf96\" class=\"vce-google-fonts-heading-wrapper\"><div class=\"vce-google-fonts-heading--background vce\" data-vce-do-apply=\"border background  padding margin el-523aaf96\"><h2 class=\"vce-google-fonts-heading-inner\" style=\"font-size: 26px; font-weight: 700; font-style: normal;\">Price list of massages, spa treatments and packages<\/h2><\/div><\/div><\/div><div class=\"vce vce-separator-container sep-linear vce-separator--align-center vce-separator--style-solid\" id=\"el-2f9cac3d\" data-vce-do-apply=\"margin el-2f9cac3d\"><div class=\"vce-separator vce-separator--color-b-107-150-16 vce-separator--width-30 vce-separator--thickness-2\" data-vce-do-apply=\"border padding background  el-2f9cac3d\"><\/div><\/div><\/div><\/div><\/div><\/div><\/div><\/div><div class=\"vce-row-container\" data-vce-boxed-width=\"true\"><div class=\"vce-row vce-row--col-gap-20 vce-row-equal-height vce-row-content--top\" id=\"el-1af67304\" data-vce-do-apply=\"all el-1af67304\" data-vce-animate=\"vce-o-animate--fadeInUp\"><div class=\"vce-content-background-container\"><\/div><div class=\"vce-row-content\" data-vce-element-content=\"true\"><div class=\"vce-col vce-col--md-100p vce-col--xs-1 vce-col--xs-last vce-col--xs-first vce-col--sm-last vce-col--sm-first vce-col--md-last vce-col--lg-last vce-col--xl-last vce-col--md-first vce-col--lg-first vce-col--xl-first\" id=\"el-0ee21252\"><div class=\"vce-col-inner\" data-vce-do-apply=\"border margin background  el-0ee21252\"><div class=\"vce-content-background-container\"><\/div><div class=\"vce-col-content\" data-vce-element-content=\"true\" data-vce-do-apply=\"padding el-0ee21252\"><div class=\"vce-text-block\"><div class=\"vce-text-block-wrapper vce\" id=\"el-93fee6b3\" data-vce-do-apply=\"all el-93fee6b3\"><p style=\"text-align: left; font-size: 18px;\"><a href=\"https:\/\/thaisun.pl\/en\/massages\/\" data-wplink-url-error=\"true\"><strong>Massages:<\/strong><\/a><\/p><div class=\"table-responsive\"><table class=\"table table-striped\"><thead><tr><th style=\"text-align: left;\" width=\"250\">Price list:<\/th><th style=\"text-align: center;\" width=\"100\">30 min.<\/th><th style=\"text-align: center;\" width=\"100\">60 min.<\/th><th style=\"text-align: center;\" width=\"100\">90 min.<\/th><th style=\"text-align: center;\" width=\"100\">120 min.<\/th><th style=\"text-align: center;\" width=\"100\">150 min.<\/th><th style=\"text-align: center;\" width=\"200\">4 hands massage + 50% surcharge<\/th><\/tr><\/thead><tbody><tr><td><a href=\"https:\/\/thaisun.pl\/en\/classic-thai-massage\/\" data-wplink-url-error=\"true\"><strong>Classic Thai massage<\/strong><\/a><\/td><td style=\"text-align: center;\"><strong>120<\/strong><strong> z\u0142<\/strong><\/td><td style=\"text-align: center;\"><strong>180 z\u0142<\/strong><\/td><td style=\"text-align: center;\"><strong>240 z\u0142<\/strong><\/td><td style=\"text-align: center;\"><strong>300 z\u0142<\/strong><\/td><td>&nbsp;<\/td><td style=\"text-align: center;\">+<\/td><\/tr><tr><td><strong><a href=\"https:\/\/thaisun.pl\/en\/oil-massage-aromatherapy\/\" data-wplink-url-error=\"true\">Oil massage<\/a><br><\/strong><\/td><td style=\"text-align: center;\"><strong>160 z\u0142<\/strong><\/td><td style=\"text-align: center;\"><strong>230 z\u0142<\/strong><\/td><td style=\"text-align: center;\"><strong>300 z\u0142<\/strong><\/td><td style=\"text-align: center;\"><strong>360 z\u0142<\/strong><\/td><td>&nbsp;<\/td><td style=\"text-align: center;\">+<\/td><\/tr><tr><td><strong><a href=\"https:\/\/thaisun.pl\/en\/sport-massage\/\" data-wplink-url-error=\"true\">Sport massage<\/a><br><\/strong><\/td><td>&nbsp;<\/td><td style=\"text-align: center;\"><strong>250 z\u0142<\/strong><\/td><td style=\"text-align: center;\"><strong>320 z\u0142<\/strong><\/td><td style=\"text-align: center;\"><strong>400 z\u0142<\/strong><\/td><td>&nbsp;<\/td><td style=\"text-align: center;\">+<\/td><\/tr><tr><td><strong><a href=\"https:\/\/thaisun.pl\/en\/back-shoulders-and-head-massage\/\" data-wplink-url-error=\"true\">Back, shoulders and head massage<\/a><br><\/strong><\/td><td style=\"text-align: center;\"><strong>120 z\u0142<\/strong><\/td><td style=\"text-align: center;\"><strong>180 z\u0142<\/strong><\/td><td style=\"text-align: center;\"><strong>240 z\u0142<\/strong><\/td><td style=\"text-align: center;\"><strong>300 z\u0142<\/strong><\/td><td>&nbsp;<\/td><td>&nbsp;<\/td><\/tr><tr><td><strong><a href=\"https:\/\/thaisun.pl\/en\/feet-and-legs-massage-reflexology\/\" data-wplink-url-error=\"true\">Feet and legs massage (reflexology)<\/a><br><\/strong><\/td><td style=\"text-align: center;\"><strong>120 z\u0142<\/strong><\/td><td style=\"text-align: center;\"><strong>180 z\u0142<\/strong><\/td><td style=\"text-align: center;\"><strong>240 z\u0142<\/strong><\/td><td style=\"text-align: center;\"><strong>300 z\u0142<\/strong><\/td><td>&nbsp;<\/td><td>&nbsp;<\/td><\/tr><tr><td><strong><a href=\"https:\/\/thaisun.pl\/en\/massage-with-herbal-stamps\/\" data-wplink-url-error=\"true\">Massage with herbal stamps<\/a><br><\/strong><\/td><td>&nbsp;<\/td><td>&nbsp;<\/td><td style=\"text-align: center;\"><strong>320 z\u0142<\/strong><\/td><td style=\"text-align: center;\"><strong>390 z\u0142<\/strong><\/td><td style=\"text-align: center;\">&nbsp;<\/td><td>&nbsp;<\/td><\/tr><tr><td><strong><a href=\"https:\/\/thaisun.pl\/en\/hot-coconut-oil-massage\/\" data-wplink-url-error=\"true\">Hot coconut oil massage<\/a><br><\/strong><\/td><td>&nbsp;<\/td><td style=\"text-align: center;\"><strong>280 z\u0142<\/strong><\/td><td style=\"text-align: center;\"><strong>360 z\u0142<\/strong><\/td><td style=\"text-align: center;\"><strong>420 z\u0142<\/strong><\/td><td>&nbsp;<\/td><td style=\"text-align: center;\">+<\/td><\/tr><tr><td><strong><a href=\"https:\/\/thaisun.pl\/en\/candle-massage\/\" data-wplink-url-error=\"true\">Candle massage<\/a><br><\/strong><\/td><td>&nbsp;<\/td><td style=\"text-align: center;\"><strong>230 z\u0142<\/strong><\/td><td style=\"text-align: center;\"><strong>300 z\u0142<\/strong><\/td><td style=\"text-align: center;\"><strong>360 z\u0142<\/strong><\/td><td>&nbsp;<\/td><td>&nbsp;<\/td><\/tr><tr><td><strong><a href=\"https:\/\/thaisun.pl\/en\/hot-stone-massage\/\" data-wplink-url-error=\"true\">Hot stone massage<\/a><br><\/strong><\/td><td>&nbsp;<\/td><td style=\"text-align: center;\"><strong>250 z\u0142<\/strong><\/td><td style=\"text-align: center;\"><strong>320 z\u0142<\/strong><\/td><td style=\"text-align: center;\"><strong>390 z\u0142<\/strong><\/td><td>&nbsp;<\/td><td>&nbsp;<\/td><\/tr><tr><td><strong><a href=\"https:\/\/thaisun.pl\/en\/royal-massage-thaisun\/\" data-wplink-url-error=\"true\">Royal massage ThaiSun<\/a><br><\/strong><\/td><td>&nbsp;<\/td><td>&nbsp;<\/td><td style=\"text-align: center;\"><strong>350 z\u0142<\/strong><\/td><td style=\"text-align: center;\"><strong>420 z\u0142<\/strong><\/td><td style=\"text-align: center;\">&nbsp;<\/td><td style=\"text-align: center;\">+<\/td><\/tr><tr><td><strong><a href=\"https:\/\/thaisun.pl\/en\/slim-massage\/\" data-wplink-url-error=\"true\">Slim massage<\/a><br><\/strong><\/td><td>&nbsp;<\/td><td style=\"text-align: center;\"><strong>280 z\u0142<\/strong><\/td><td style=\"text-align: center;\"><strong>350 z\u0142<\/strong><\/td><td>&nbsp;<\/td><td>&nbsp;<\/td><td>&nbsp;<\/td><\/tr><tr><td><strong><a href=\"https:\/\/thaisun.pl\/en\/after-pregnancy-massage\/\" data-wplink-url-error=\"true\">After pregnancy massage<\/a><br><\/strong><\/td><td>&nbsp;<\/td><td style=\"text-align: center;\"><strong>250 z\u0142<\/strong><\/td><td style=\"text-align: center;\"><strong>300 z\u0142<\/strong><\/td><td style=\"text-align: center;\"><strong>350 z\u0142<\/strong><\/td><td>&nbsp;<\/td><td>&nbsp;<\/td><\/tr><tr><td><strong><a href=\"https:\/\/thaisun.pl\/en\/couples-thai-massage\/\">Couples massage - Classic Thai<\/a><br><\/strong><\/td><td>&nbsp;<\/td><td style=\"text-align: center;\"><strong><del>360 z\u0142<\/del> 340 z\u0142<\/strong><\/td><td style=\"text-align: center;\"><strong><del>480 z\u0142<\/del> 460 z\u0142<\/strong><\/td><td style=\"text-align: center;\"><strong><del>600 z\u0142<\/del> 580 z\u0142<\/strong><\/td><td>&nbsp;<\/td><td>&nbsp;<\/td><\/tr><tr><td><a href=\"https:\/\/thaisun.pl\/en\/couples-thai-massage\/\" data-wplink-url-error=\"true\"><strong>Couples massage - Oil<\/strong><\/a><\/td><td>&nbsp;<\/td><td style=\"text-align: center;\"><strong><del>460 z\u0142<\/del> 440 z\u0142<\/strong><\/td><td style=\"text-align: center;\"><strong><del>600 z\u0142<\/del> 580 z\u0142<\/strong><\/td><td style=\"text-align: center;\"><strong><del>720 z\u0142<\/del> 700 z\u0142<\/strong><\/td><td>&nbsp;<\/td><td>&nbsp;<\/td><\/tr><\/tbody><\/table><\/div><\/div><\/div><div class=\"vce-text-block\"><div class=\"vce-text-block-wrapper vce\" id=\"el-f85a8449\" data-vce-do-apply=\"all el-f85a8449\"><p style=\"text-align: left; font-size: 18px;\"><a href=\"https:\/\/thaisun.pl\/en\/spa-treatments\/\" data-wplink-url-error=\"true\"><strong>Spa Treatments:<\/strong><\/a><\/p>\n<div class=\"table-responsive\">\n<table class=\"table table-striped\">\n<thead>\n<tr>\n<th style=\"text-align: left;\" width=\"250\">Price list:<\/th>\n<th style=\"text-align: center;\" width=\"100\">30 min.<\/th>\n<th style=\"text-align: center;\" width=\"100\">60 min.<\/th>\n<th style=\"text-align: center;\" width=\"100\">90 min.<\/th>\n<th style=\"text-align: center;\" width=\"100\">120 min.<\/th>\n<th style=\"text-align: center;\" width=\"100\">150 min.<\/th>\n<th style=\"text-align: center;\" width=\"200\">4 hands massage + 50% surcharge<\/th>\n<\/tr>\n<\/thead>\n<tbody>\n<tr>\n<td><strong><a href=\"https:\/\/thaisun.pl\/en\/spa-treatments\/thai-body-treatment\/\" data-wplink-url-error=\"true\">Thai body treatment<\/a><br><\/strong><\/td>\n<td style=\"text-align: center;\">&nbsp;<strong>230 z\u0142<\/strong><\/td>\n<td style=\"text-align: center;\"><strong>300 z\u0142<\/strong><\/td>\n<td style=\"text-align: center;\">&nbsp;<\/td>\n<td style=\"text-align: center;\">&nbsp;<\/td>\n<td>&nbsp;<\/td>\n<td>&nbsp;<\/td>\n<\/tr>\n<tr>\n<td><strong><a href=\"https:\/\/thaisun.pl\/en\/spa-treatments\/thai-facial-treatment\/\" data-wplink-url-error=\"true\">Thai facial treatment<\/a><br><\/strong><\/td>\n<td style=\"text-align: center;\"><strong>180 z\u0142<\/strong><\/td>\n<td style=\"text-align: center;\"><strong>250 z\u0142<\/strong><\/td>\n<td style=\"text-align: center;\">&nbsp;<\/td>\n<td style=\"text-align: center;\">&nbsp;<\/td>\n<td>&nbsp;<\/td>\n<td>&nbsp;<\/td>\n<\/tr>\n<\/tbody>\n<\/table>\n<\/div><\/div><\/div><div class=\"vce-text-block\"><div class=\"vce-text-block-wrapper vce\" id=\"el-eb638bc1\" data-vce-do-apply=\"all el-eb638bc1\"><p style=\"text-align: left; font-size: 18px;\"><a href=\"https:\/\/thaisun.pl\/en\/packages\/\"><strong>Packages:<\/strong><\/a><\/p>\n<div class=\"table-responsive\">\n<table class=\"table table-striped\">\n<thead>\n<tr>\n<th style=\"text-align: left;\" width=\"400\">Package name:<\/th>\n<th style=\"text-align: center;\" width=\"100\">Price<\/th>\n<\/tr>\n<\/thead>\n<tbody>\n<tr>\n<td><strong><a href=\"https:\/\/thaisun.pl\/en\/packages\/the-basic-package\/\">The basic package<\/a><br><\/strong><\/td>\n<td style=\"text-align: center;\"><span style=\"text-decoration: line-through;\">540 z\u0142<\/span> <strong>489 z\u0142<\/strong><\/td>\n<\/tr>\n<tr>\n<td><strong><a href=\"https:\/\/thaisun.pl\/en\/packages\/the-extended-package\/\">The extended package<\/a><br><\/strong><\/td>\n<td style=\"text-align: center;\"><span style=\"text-decoration: line-through;\">770 z\u0142<\/span> <strong>699 z\u0142<\/strong><\/td>\n<\/tr>\n<tr>\n<td><strong><a href=\"https:\/\/thaisun.pl\/en\/packages\/relief-for-the-back\/\">Relief for the back<\/a><br><\/strong><\/td>\n<td style=\"text-align: center;\"><span style=\"text-decoration: line-through;\">900 z\u0142<\/span> <strong>799 z\u0142<\/strong><\/td>\n<\/tr>\n<tr>\n<td><strong><a href=\"https:\/\/thaisun.pl\/en\/packages\/anti-stress\/\">Anti-stress package<\/a><br><\/strong><\/td>\n<td style=\"text-align: center;\"><span style=\"text-decoration: line-through;\">970 z\u0142<\/span> <strong>859 z\u0142<\/strong><\/td>\n<\/tr>\n<tr>\n<td><strong><a href=\"https:\/\/thaisun.pl\/en\/packages\/sports\/\">Sports package<\/a><br><\/strong><\/td>\n<td style=\"text-align: center;\"><span style=\"text-decoration: line-through;\">1400 z\u0142<\/span> <strong>1199 z\u0142<\/strong><\/td>\n<\/tr>\n<tr>\n<td><strong><a href=\"https:\/\/thaisun.pl\/en\/packages\/slimming\/\">Slimming package<\/a><br><\/strong><\/td>\n<td style=\"text-align: center;\"><span style=\"text-decoration: line-through;\">1750 z\u0142<\/span> <strong>1499 z\u0142<\/strong><\/td>\n<\/tr>\n<tr>\n<td><strong><a href=\"https:\/\/thaisun.pl\/en\/packages\/full-regeneration\/\">Full regeneration<\/a><br><\/strong><\/td>\n<td style=\"text-align: center;\"><span style=\"text-decoration: line-through;\">1640 z\u0142<\/span> <strong>1399 z\u0142<\/strong><\/td>\n<\/tr>\n<\/tbody>\n<\/table>\n<\/div><\/div><\/div><\/div><\/div><\/div><\/div><\/div><\/div><\/div><\/div><\/div><\/div><\/div><\/div>\n","protected":false},"excerpt":{"rendered":"<p>Price list of massages, spa treatments and packagesPrice list of massages, spa treatments and packagesMassages:Price list:30 min.60 min.90 min.120 min.150 min.4 hands massage + 50% surchargeClassic Thai massage120 z\u0142180 z\u0142240 z\u0142300 z\u0142&nbsp;+Oil massage160 z\u0142230 z\u0142300 z\u0142360 z\u0142&nbsp;+Sport massage&nbsp;250 z\u0142320 z\u0142400 z\u0142&nbsp;+Back, shoulders and head massage120 z\u0142180 z\u0142240 z\u0142300 z\u0142&nbsp;&nbsp;Feet and legs massage (reflexology)120 z\u0142180 z\u0142240 [&hellip;]<\/p>\n","protected":false},"author":8,"featured_media":0,"parent":0,"menu_order":0,"comment_status":"closed","ping_status":"closed","template":"","meta":{"footnotes":""},"class_list":["post-2669","page","type-page","status-publish","hentry"],"aioseo_notices":[],"_links":{"self":[{"href":"https:\/\/thaisun.pl\/en\/wp-json\/wp\/v2\/pages\/2669","targetHints":{"allow":["GET"]}}],"collection":[{"href":"https:\/\/thaisun.pl\/en\/wp-json\/wp\/v2\/pages"}],"about":[{"href":"https:\/\/thaisun.pl\/en\/wp-json\/wp\/v2\/types\/page"}],"author":[{"embeddable":true,"href":"https:\/\/thaisun.pl\/en\/wp-json\/wp\/v2\/users\/8"}],"replies":[{"embeddable":true,"href":"https:\/\/thaisun.pl\/en\/wp-json\/wp\/v2\/comments?post=2669"}],"version-history":[{"count":0,"href":"https:\/\/thaisun.pl\/en\/wp-json\/wp\/v2\/pages\/2669\/revisions"}],"wp:attachment":[{"href":"https:\/\/thaisun.pl\/en\/wp-json\/wp\/v2\/media?parent=2669"}],"curies":[{"name":"wp","href":"https:\/\/api.w.org\/{rel}","templated":true}]}}